{"id":11058,"date":"2024-01-04T16:31:22","date_gmt":"2024-01-04T16:31:22","guid":{"rendered":"https:\/\/betasite.metamap.com\/?page_id=11058"},"modified":"2024-01-04T16:35:33","modified_gmt":"2024-01-04T16:35:33","slug":"politica-de-cookies","status":"publish","type":"page","link":"https:\/\/www.metamap.com\/pt-br\/politica-de-cookies\/","title":{"rendered":"Pol\u00edtica de cookies"},"content":{"rendered":"\t\t<div data-elementor-type=\"wp-page\" data-elementor-id=\"11058\" class=\"elementor elementor-11058 elementor-11048\" data-elementor-post-type=\"page\">\n\t\t\t\t<div class=\"elementor-element elementor-element-59dec89 e-flex e-con-boxed e-con e-parent\" data-id=\"59dec89\" data-element_type=\"container\" data-e-type=\"container\">\n\t\t\t\t\t<div class=\"e-con-inner\">\n\t\t\t\t<div class=\"elementor-element elementor-element-1e785af elementor-widget elementor-widget-text-editor\" data-id=\"1e785af\" data-element_type=\"widget\" data-e-type=\"widget\" data-widget_type=\"text-editor.default\">\n\t\t\t\t<div class=\"elementor-widget-container\">\n\t\t\t\t\t\t\t\t\t<p class=\"static-content-text\">MetaMap, Inc. (junto com suas afiliadas &#8220;<strong>MetaMap<\/strong>&#8220;, &#8220;<strong>n\u00f3s<\/strong>&#8221; ou &#8220;<strong>nos<\/strong>&#8220;) opera uma plataforma que ajuda os indiv\u00edduos a controlar suas informa\u00e7\u00f5es pessoais, e usar essas informa\u00e7\u00f5es para obter acesso a neg\u00f3cios e servi\u00e7os em todo o mundo, incluindo bancos, processadores de pagamento, plataformas de gig, telcos e empregadores que utilizam nossos servi\u00e7os como parte de seu processo de contrata\u00e7\u00e3o. Este documento destina-se a explicar os tipos de cookies e outras tecnologias de rastreamento que podemos colocar em seu dispositivo, seja quando voc\u00ea estiver visitando nosso website, usando nossa plataforma, ou quando estiver se envolvendo com nossa tecnologia.<\/p><h2 class=\"static-content-h2\">O que s\u00e3o cookies?<\/h2><p class=\"static-content-text\">Um cookie \u00e9 um pequeno arquivo que \u00e9 baixado para seu computador ou dispositivo quando voc\u00ea visita certos websites. Usamos v\u00e1rios cookies diferentes no website da MetaMap, incluindo os cookies estritamente necess\u00e1rios, de desempenho, de publicidade e de m\u00eddia social ou de conte\u00fado. Os cookies tornam sua experi\u00eancia de navega\u00e7\u00e3o melhor, permitindo que o site lembre de suas a\u00e7\u00f5es e prefer\u00eancias (como login e sele\u00e7\u00e3o de regi\u00e3o). Isso significa que voc\u00ea n\u00e3o precisa reinserir essas informa\u00e7\u00f5es toda vez que voltar ao site ou navegar de uma p\u00e1gina para outra. Os cookies tamb\u00e9m fornecem informa\u00e7\u00f5es sobre como as pessoas utilizam o site, por exemplo, se \u00e9 a primeira vez que visitam o site ou se s\u00e3o visitantes frequentes. Leia mais sobre cookies (e outras tecnologias similares de rastreamento) e como utilizamos os dados coletados atrav\u00e9s destas tecnologias, em nossa\u00a0<a class=\"static-content-link\" href=\"https:\/\/www.metamap.com\/privacy-policy\" target=\"_blank\" rel=\"noopener\">Pol\u00edtica de Privacidade Global<\/a>.<\/p><h2 class=\"static-content-h2\">Que cookies usamos e por qu\u00ea?<\/h2><p class=\"static-content-text\">Alguns cookies s\u00e3o necess\u00e1rios para que voc\u00ea possa navegar em nosso website, usar suas caracter\u00edsticas e acessar \u00e1reas seguras. O uso desses cookies \u00e9 essencial para que o website funcione. Por exemplo, usamos cookies de entrada do usu\u00e1rio durante a dura\u00e7\u00e3o de uma sess\u00e3o para acompanhar a entrada de um usu\u00e1rio ao preencher formul\u00e1rios que abrangem v\u00e1rias p\u00e1ginas.<\/p><p class=\"static-content-text\">Tamb\u00e9m usamos cookies funcionais para lembrar escolhas que voc\u00ea fez ou informa\u00e7\u00f5es que forneceu, tais como seu nome de usu\u00e1rio, idioma ou a regi\u00e3o em que se encontra. Isto nos permite adaptar sua experi\u00eancia no website especificamente \u00e0s suas prefer\u00eancias. Por exemplo, cookies de autentica\u00e7\u00e3o s\u00e3o cookies funcionais que s\u00e3o utilizados durante a dura\u00e7\u00e3o de uma sess\u00e3o (ou persistentes, se voc\u00ea concordar com a fun\u00e7\u00e3o &#8220;lembre-se de mim&#8221;) para permitir que os usu\u00e1rios se autentiquem em visitas subseq\u00fcentes ou para obter acesso a conte\u00fado autorizado atrav\u00e9s de p\u00e1ginas. Os cookies funcionais que utilizamos incluem:<\/p><ul class=\"static-content-ul\" role=\"list\"><li class=\"static-content-li\">Cookies de seguran\u00e7a centrados no usu\u00e1rio para detectar abusos de autentica\u00e7\u00e3o por uma dura\u00e7\u00e3o persistente limitada, como tentativas repetidas de login falhadas. Estes cookies s\u00e3o definidos para a tarefa espec\u00edfica de aumentar a seguran\u00e7a do servi\u00e7o.<\/li><li class=\"static-content-li\">Os cookies de sess\u00e3o do reprodutor de conte\u00fado multim\u00eddia (flash cookies) s\u00e3o usados durante uma sess\u00e3o para armazenar dados t\u00e9cnicos necess\u00e1rios para reproduzir conte\u00fado de v\u00eddeo ou \u00e1udio (por exemplo, qualidade de imagem, velocidade do link de rede e par\u00e2metros de buffering).<\/li><li class=\"static-content-li\">Os cookies de sess\u00e3o de balanceamento de carga s\u00e3o usados durante a sess\u00e3o para identificar o mesmo servidor no pool, a fim de que o balanceador de carga possa redirecionar os pedidos dos usu\u00e1rios apropriadamente.<\/li><li class=\"static-content-li\">A personaliza\u00e7\u00e3o da interface do usu\u00e1rio cookies persistentes s\u00e3o usados para armazenar a prefer\u00eancia de um usu\u00e1rio em rela\u00e7\u00e3o a um servi\u00e7o atrav\u00e9s de p\u00e1ginas da web.<\/li><\/ul><p class=\"static-content-text\">MetaMap usa muitas ferramentas para nos ajudar a melhorar nosso site e nossa plataforma. Para este fim, usamos cookies de relat\u00f3rios e an\u00e1lises para coletar informa\u00e7\u00f5es sobre como voc\u00ea usa nosso website ou as lojas de nossos comerciantes, e com que freq\u00fc\u00eancia. Estes cookies apenas coletam informa\u00e7\u00f5es para fins estat\u00edsticos e utilizam apenas identificadores de cookies com pseud\u00f4nimos que n\u00e3o o identificam diretamente. Os cookies de desempenho que utilizamos incluem:<\/p><ul class=\"static-content-ul\" role=\"list\"><li class=\"static-content-li\">Cookies anal\u00edticos de primeira viagem &#8211; Usamos esses cookies para estimar o n\u00famero de visitantes \u00fanicos, para melhorar nossos sites e nossos servi\u00e7os e para detectar as palavras mais procuradas nos mecanismos de busca que levam a uma p\u00e1gina web. Estes cookies n\u00e3o s\u00e3o usados para direcion\u00e1-lo ao marketing on-line. Usamos esses cookies para saber como nossos sites e nossos servi\u00e7os est\u00e3o funcionando e fazer melhorias relevantes para melhorar sua experi\u00eancia de navega\u00e7\u00e3o.<\/li><li class=\"static-content-li\">Cookies anal\u00edticos de terceiros &#8211; Tamb\u00e9m usamos o Google Analytics e outros fornecedores anal\u00edticos de terceiros listados abaixo para ajudar a medir como os usu\u00e1rios interagem com o conte\u00fado de nosso site. Estes cookies &#8220;lembram&#8221; o que nossos usu\u00e1rios fizeram nas p\u00e1ginas anteriores e como eles interagiram com o site. Para mais informa\u00e7\u00f5es sobre o Google Analytics, visite a p\u00e1gina de informa\u00e7\u00f5es do Google. Para instru\u00e7\u00f5es sobre como optar por n\u00e3o participar do Google Analytics, veja abaixo.<\/li><li class=\"static-content-li\">Os cookies de publicidade s\u00e3o utilizados em nosso website para personalizar o marketing para voc\u00ea e seus interesses e fornecer-lhe um servi\u00e7o mais personalizado no futuro. Esses cookies lembram que voc\u00ea visitou nosso website e podemos compartilhar essas informa\u00e7\u00f5es com terceiros, tais como anunciantes. Embora esses cookies possam rastrear as visitas de seu dispositivo a nosso website e a outros sites, eles normalmente n\u00e3o podem identific\u00e1-lo pessoalmente. Sem estes cookies, os an\u00fancios que voc\u00ea v\u00ea podem ser menos relevantes e interessantes para voc\u00ea. Leia mais sobre como as empresas utilizam os cookies para realizar publicidade direcionada ou redirecionada\u00a0<a class=\"static-content-link\" href=\"https:\/\/thenai.org\/about-online-advertising\/what-is-it\/\">aqui<\/a>.\u00a0<\/li><li class=\"static-content-li\">Finalmente, os cookies sociais e de conte\u00fado s\u00e3o colocados por muitos plugins de m\u00eddia social (por exemplo, o bot\u00e3o &#8220;gostar&#8221; do Facebook), e outras ferramentas destinadas a fornecer ou melhorar o conte\u00fado de um site (por exemplo, servi\u00e7os que permitem a reprodu\u00e7\u00e3o de arquivos de v\u00eddeo, ou que criam se\u00e7\u00f5es de coment\u00e1rios). Integramos estes m\u00f3dulos em nossa plataforma para melhorar a experi\u00eancia de navega\u00e7\u00e3o e intera\u00e7\u00e3o com nosso site. Observe que alguns destes servi\u00e7os de terceiros colocam cookies que tamb\u00e9m s\u00e3o usados para coisas como publicidade comportamental, an\u00e1lise e\/ou pesquisa de mercado.<\/li><\/ul><h2 class=\"static-content-h2\">Cookies MetaMap<\/h2><p class=\"static-content-text\">Utilizamos pixels e tags dos seguintes terceiros, os quais podem, por sua vez, colocar cookies:<\/p><p class=\"static-content-text\"><strong>Cookies necess\u00e1rios para o funcionamento dos sites<\/strong><\/p><div class=\"w-embed\"><table class=\"table\"><thead><tr><th>Terceiros<\/th><th>Descri\u00e7\u00e3o<\/th><th class=\"link-col\">Pol\u00edtica de Privacidade<\/th><\/tr><\/thead><tbody><tr><td>Cloudflare<\/td><td>Utilizamos o Cloudflare para roteamento de bordas.<\/td><td><a href=\"https:\/\/www.cloudflare.com\/privacypolicy\/\" target=\"_blank\" rel=\"noopener\">https:\/\/www.cloudflare.com\/privacypolicy\/<\/a><\/td><\/tr><\/tbody><\/table><\/div><p class=\"static-content-text\"><strong>Relat\u00f3rios e an\u00e1lises<\/strong><\/p><div class=\"w-embed\"><table class=\"table\"><thead><tr><th>Terceiros<\/th><th>Descri\u00e7\u00e3o<\/th><th class=\"link-col\">Pol\u00edtica de Privacidade<\/th><\/tr><\/thead><tbody><tr><td>Google Analytics<\/td><td>Utilizamos o Google Analytics para ajudar a medir como os usu\u00e1rios interagem com nosso site.<\/td><td><a href=\"https:\/\/policies.google.com\/privacy\" target=\"_blank\" rel=\"noopener\">https:\/\/policies.google.com\/privacy\/<\/a><\/td><\/tr><tr><td>Gerenciador de tags do Google<\/td><td>Usamos o Google Tag Manager para ajudar a gerenciar os fornecedores de an\u00e1lises.<\/td><td><a href=\"https:\/\/policies.google.com\/privacy\" target=\"_blank\" rel=\"noopener\">https:\/\/policies.google.com\/privacy\/<\/a><\/td><\/tr><tr><td>Hotjar<\/td><td>Usamos o Hotjar para ajudar a medir como os usu\u00e1rios interagem com nossos websites.<\/td><td><a href=\"https:\/\/www.hotjar.com\/legal\/policies\/privacy\/\" target=\"_blank\" rel=\"noopener\">https:\/\/www.hotjar.com\/legal\/policies\/privacy<\/a><\/td><\/tr><tr><td>LinkedIn Insight Tag<\/td><td>Usamos a tag LinkedIn Insight para ajudar a medir como os usu\u00e1rios interagem com nosso website.<\/td><td><a href=\"https:\/\/www.linkedin.com\/legal\/privacy-policy\/\" target=\"_blank\" rel=\"noopener\">https:\/\/www.linkedin.com\/legal\/privacy-policy<\/a><\/td><\/tr><tr><td>Segmento<\/td><td>Usamos o Segment para ajudar a medir como os usu\u00e1rios interagem com nosso website.<\/td><td><a href=\"https:\/\/segment.com\/legal\/privacy\/\" target=\"_blank\" rel=\"noopener\">https:\/\/segment.com\/legal\/privacy\/<\/a><\/td><\/tr><\/tbody><\/table><\/div><p class=\"static-content-text\"><strong>Publicidade<\/strong><\/p><div class=\"w-embed\"><table class=\"table\"><thead><tr><th>Terceiros<\/th><th>Descri\u00e7\u00e3o<\/th><th class=\"link-col\">Pol\u00edtica de Privacidade<\/th><\/tr><\/thead><tbody><tr><td>Audi\u00eancias personalizadas do Facebook<\/td><td>Usamos as Audi\u00eancias Personalizadas do Facebook para entregar an\u00fancios direcionados a indiv\u00edduos que visitam nossos sites.<\/td><td><a href=\"https:\/\/www.facebook.com\/policy.php\/\" target=\"_blank\" rel=\"noopener\">https:\/\/www.facebook.com\/policy.php\/<\/a><\/td><\/tr><tr><td>Google<\/td><td>Utilizamos os An\u00fancios do Google para entregar an\u00fancios direcionados a indiv\u00edduos que visitam nosso site.<\/td><td><a href=\"https:\/\/policies.google.com\/privacy\" target=\"_blank\" rel=\"noopener\">https:\/\/policies.google.com\/privacy\/<\/a><\/td><\/tr><tr><td>Hubspot<\/td><td>Utilizamos o Hubspot para gerenciar nossas rela\u00e7\u00f5es com nossos clientes.<\/td><td><a href=\"https:\/\/legal.hubspot.com\/privacy-policy\/\" target=\"_blank\" rel=\"noopener\">https:\/\/legal.hubspot.com\/privacy-policy<\/a><\/td><\/tr><tr><td>Intercom<\/td><td>Utilizamos a Intercom para administrar nossas rela\u00e7\u00f5es com nossos clientes.<\/td><td><a href=\"https:\/\/www.intercom.com\/terms-and-policies#privacy\/\" target=\"_blank\" rel=\"noopener\">https:\/\/www.intercom.com\/terms-and-policies#privacy<\/a><\/td><\/tr><tr><td>For\u00e7a de vendas<\/td><td>Utilizamos a Salesforce para administrar nossas rela\u00e7\u00f5es com nossos clientes.<\/td><td><a href=\"https:\/\/www.salesforce.com\/company\/privacy\/full_privacy\/\" target=\"_blank\" rel=\"noopener\">https:\/\/www.salesforce.com\/company\/privacy\/full_privacy\/<\/a><\/td><\/tr><\/tbody><\/table><\/div><p class=\"static-content-text\"><strong>M\u00eddias Sociais e Conte\u00fado<\/strong><\/p><div class=\"w-embed\"><table class=\"table\"><thead><tr><th>Terceiros<\/th><th>Descri\u00e7\u00e3o<\/th><th class=\"link-col\">Pol\u00edtica de Privacidade<\/th><\/tr><\/thead><tbody><tr><td>Conex\u00e3o Facebook<\/td><td>Usamos o Facebook Connect para permitir que os visitantes de nosso site interajam e compartilhem conte\u00fado atrav\u00e9s da plataforma de m\u00eddia social do Facebook.<\/td><td><a href=\"https:\/\/www.facebook.com\/policy.php\/\" target=\"_blank\" rel=\"noopener\">https:\/\/www.facebook.com\/policy.php<\/a><\/td><\/tr><tr><td>Weglot<\/td><td>Usamos o Weglot para ajudar a traduzir o conte\u00fado.<\/td><td><a href=\"https:\/\/weglot.com\/privacy\/\" target=\"_blank\" rel=\"noopener\">https:\/\/weglot.com\/privacy\/<\/a><\/td><\/tr><tr><td>Wistia<\/td><td>Usamos a Wistia para exibir o conte\u00fado do v\u00eddeo.<\/td><td><a href=\"https:\/\/wistia.com\/privacy\/\" target=\"_blank\" rel=\"noopener\">https:\/\/wistia.com\/privacy<\/a><\/td><\/tr><\/tbody><\/table><\/div><h2 class=\"static-content-h2\">Quanto tempo os cookies permanecer\u00e3o?<\/h2><p class=\"static-content-text\">O tempo que um cookie permanece em seu computador ou dispositivo m\u00f3vel depende de se \u00e9 um cookie &#8220;persistente&#8221; ou &#8220;de sess\u00e3o&#8221;. Os cookies de sess\u00e3o duram at\u00e9 que voc\u00ea pare de navegar e os cookies persistentes duram at\u00e9 que eles expirem ou sejam exclu\u00eddos. A maioria dos cookies que usamos s\u00e3o persistentes e expiram entre 30 minutos e dois anos a partir da data em que s\u00e3o baixados para seu dispositivo. Consulte a se\u00e7\u00e3o abaixo sobre como controlar os cookies para obter mais informa\u00e7\u00f5es sobre como remov\u00ea-los antes de expirarem.<\/p><h2 class=\"static-content-h2\">Como controlar os cookies<\/h2><p class=\"static-content-text\">Voc\u00ea pode controlar e gerenciar os cookies de v\u00e1rias maneiras. Tenha em mente que remover ou bloquear cookies pode afetar negativamente sua experi\u00eancia de usu\u00e1rio e partes de nosso website podem n\u00e3o estar mais totalmente acess\u00edveis.<\/p><p class=\"static-content-text\">A maioria dos navegadores aceita cookies automaticamente, mas voc\u00ea pode escolher se deseja ou n\u00e3o aceitar cookies atrav\u00e9s dos controles de seu navegador, freq\u00fcentemente encontrados no menu &#8220;Ferramentas&#8221; ou &#8220;Prefer\u00eancias&#8221; de seu navegador. Para mais informa\u00e7\u00f5es sobre como modificar as configura\u00e7\u00f5es de seu navegador ou como bloquear, gerenciar ou filtrar cookies pode ser encontrado no arquivo de ajuda de seu navegador ou atrav\u00e9s de sites como: www.allaboutcookies.org.<\/p><p class=\"static-content-text\">Muitos dos servi\u00e7os de publicidade de terceiros e outros servi\u00e7os de rastreamento listados acima oferecem a voc\u00ea a oportunidade de optar por n\u00e3o participar de seus sistemas de rastreamento. Voc\u00ea pode ler mais sobre as informa\u00e7\u00f5es que eles coletam e como optar por n\u00e3o participar atrav\u00e9s dos links da pol\u00edtica de privacidade listados acima.<\/p><h2 class=\"static-content-h2\">Como nos contatar<\/h2><p class=\"static-content-text\">Se voc\u00ea gostaria de perguntar ou fazer uma reclama\u00e7\u00e3o sobre como lidamos com suas informa\u00e7\u00f5es, por favor, entre em contato com nosso respons\u00e1vel pela prote\u00e7\u00e3o de dados em\u00a0<a class=\"static-content-link\" href=\"mailto:privacy@metamap.com\">privacy@metamap.com<\/a>.<\/p><p class=\"static-content-text\">Informa\u00e7\u00f5es de contato:<br \/>MetaMap, Inc.<br \/>2001 Gateway Pl.,<br \/>Suite 151ESan Jose,<br \/>CA 95110USA<\/p><p class=\"static-content-text\">\u00a0<\/p><p class=\"static-content-text\">\u00daltima Atualiza\u00e7\u00e3o: 22 de fevereiro de 2023<\/p>\t\t\t\t\t\t\t\t<\/div>\n\t\t\t\t<\/div>\n\t\t\t\t\t<\/div>\n\t\t\t\t<\/div>\n\t\t\t\t<\/div>\n\t\t","protected":false},"excerpt":{"rendered":"<p>MetaMap, Inc. (junto com suas afiliadas &#8220;MetaMap&#8220;, &#8220;n\u00f3s&#8221; ou &#8220;nos&#8220;) opera uma plataforma que ajuda os indiv\u00edduos a controlar suas informa\u00e7\u00f5es pessoais, e usar essas informa\u00e7\u00f5es para obter acesso a neg\u00f3cios e servi\u00e7os em todo o mundo, incluindo bancos, processadores de pagamento, plataformas de gig, telcos e empregadores que utilizam nossos servi\u00e7os como parte de [&hellip;]<\/p>\n","protected":false},"author":1,"featured_media":0,"parent":0,"menu_order":0,"comment_status":"closed","ping_status":"closed","template":"","meta":{"footnotes":""},"class_list":["post-11058","page","type-page","status-publish","hentry"],"yoast_head":"\n<title>Pol\u00edtica de cookies &#8226; MetaMap<\/title>\n<meta name=\"robots\" content=\"index, follow, max-snippet:-1, max-image-preview:large, max-video-preview:-1\" \/>\n<link rel=\"canonical\" href=\"https:\/\/www.metamap.com\/pt-br\/politica-de-cookies\/\" \/>\n<meta property=\"og:locale\" content=\"pt_BR\" \/>\n<meta property=\"og:type\" content=\"article\" \/>\n<meta property=\"og:title\" content=\"Pol\u00edtica de cookies\" \/>\n<meta property=\"og:description\" content=\"MetaMap, Inc. (junto com suas afiliadas &#8220;MetaMap&#8220;, &#8220;n\u00f3s&#8221; ou &#8220;nos&#8220;) opera uma plataforma que ajuda os indiv\u00edduos a controlar suas informa\u00e7\u00f5es pessoais, e usar essas informa\u00e7\u00f5es para obter acesso a neg\u00f3cios e servi\u00e7os em todo o mundo, incluindo bancos, processadores de pagamento, plataformas de gig, telcos e empregadores que utilizam nossos servi\u00e7os como parte de [&hellip;]\" \/>\n<meta property=\"og:url\" content=\"https:\/\/www.metamap.com\/pt-br\/politica-de-cookies\/\" \/>\n<meta property=\"og:site_name\" content=\"MetaMap\" \/>\n<meta property=\"article:publisher\" content=\"https:\/\/www.facebook.com\/getmetamap\/\" \/>\n<meta property=\"article:modified_time\" content=\"2024-01-04T16:35:33+00:00\" \/>\n<meta property=\"og:image\" content=\"https:\/\/www.metamap.com\/ychochat\/2023\/12\/kyc_single_platform_bb.png\" \/>\n\t<meta property=\"og:image:width\" content=\"1100\" \/>\n\t<meta property=\"og:image:height\" content=\"721\" \/>\n\t<meta property=\"og:image:type\" content=\"image\/png\" \/>\n<meta name=\"twitter:card\" content=\"summary_large_image\" \/>\n<meta name=\"twitter:site\" content=\"@getmetamap\" \/>\n<meta name=\"twitter:label1\" content=\"Est. tempo de leitura\" \/>\n\t<meta name=\"twitter:data1\" content=\"9 minutos\" \/>\n<script type=\"application\/ld+json\" class=\"yoast-schema-graph\">{\"@context\":\"https:\\\/\\\/schema.org\",\"@graph\":[{\"@type\":\"WebPage\",\"@id\":\"https:\\\/\\\/www.metamap.com\\\/pt-br\\\/politica-de-cookies\\\/\",\"url\":\"https:\\\/\\\/www.metamap.com\\\/pt-br\\\/politica-de-cookies\\\/\",\"name\":\"Pol\u00edtica de cookies &#8226; MetaMap\",\"isPartOf\":{\"@id\":\"https:\\\/\\\/www.metamap.com\\\/pt-br\\\/#website\"},\"datePublished\":\"2024-01-04T16:31:22+00:00\",\"dateModified\":\"2024-01-04T16:35:33+00:00\",\"breadcrumb\":{\"@id\":\"https:\\\/\\\/www.metamap.com\\\/pt-br\\\/politica-de-cookies\\\/#breadcrumb\"},\"inLanguage\":\"pt-BR\",\"potentialAction\":[{\"@type\":\"ReadAction\",\"target\":[\"https:\\\/\\\/www.metamap.com\\\/pt-br\\\/politica-de-cookies\\\/\"]}]},{\"@type\":\"BreadcrumbList\",\"@id\":\"https:\\\/\\\/www.metamap.com\\\/pt-br\\\/politica-de-cookies\\\/#breadcrumb\",\"itemListElement\":[{\"@type\":\"ListItem\",\"position\":1,\"name\":\"Home\",\"item\":\"https:\\\/\\\/www.metamap.com\\\/pt-br\\\/\"},{\"@type\":\"ListItem\",\"position\":2,\"name\":\"Pol\u00edtica de cookies\"}]},{\"@type\":\"WebSite\",\"@id\":\"https:\\\/\\\/www.metamap.com\\\/pt-br\\\/#website\",\"url\":\"https:\\\/\\\/www.metamap.com\\\/pt-br\\\/\",\"name\":\"MetaMap\",\"description\":\"Identity Verification Platform for Global Companies\",\"publisher\":{\"@id\":\"https:\\\/\\\/www.metamap.com\\\/pt-br\\\/#organization\"},\"alternateName\":\"Metamap\",\"potentialAction\":[{\"@type\":\"SearchAction\",\"target\":{\"@type\":\"EntryPoint\",\"urlTemplate\":\"https:\\\/\\\/www.metamap.com\\\/pt-br\\\/?s={search_term_string}\"},\"query-input\":{\"@type\":\"PropertyValueSpecification\",\"valueRequired\":true,\"valueName\":\"search_term_string\"}}],\"inLanguage\":\"pt-BR\"},{\"@type\":\"Organization\",\"@id\":\"https:\\\/\\\/www.metamap.com\\\/pt-br\\\/#organization\",\"name\":\"Metamap\",\"url\":\"https:\\\/\\\/www.metamap.com\\\/pt-br\\\/\",\"logo\":{\"@type\":\"ImageObject\",\"inLanguage\":\"pt-BR\",\"@id\":\"https:\\\/\\\/www.metamap.com\\\/pt-br\\\/#\\\/schema\\\/logo\\\/image\\\/\",\"url\":\"https:\\\/\\\/www.metamap.com\\\/wp-content\\\/uploads\\\/2023\\\/12\\\/press_asset_logo-metamap.png\",\"contentUrl\":\"https:\\\/\\\/www.metamap.com\\\/wp-content\\\/uploads\\\/2023\\\/12\\\/press_asset_logo-metamap.png\",\"width\":404,\"height\":252,\"caption\":\"Metamap\"},\"image\":{\"@id\":\"https:\\\/\\\/www.metamap.com\\\/pt-br\\\/#\\\/schema\\\/logo\\\/image\\\/\"},\"sameAs\":[\"https:\\\/\\\/www.facebook.com\\\/getmetamap\\\/\",\"https:\\\/\\\/x.com\\\/getmetamap\",\"https:\\\/\\\/www.instagram.com\\\/getmetamap\\\/\",\"https:\\\/\\\/www.linkedin.com\\\/company\\\/metmap\"]}]}<\/script>\n","yoast_head_json":{"title":"Pol\u00edtica de cookies &#8226; MetaMap","robots":{"index":"index","follow":"follow","max-snippet":"max-snippet:-1","max-image-preview":"max-image-preview:large","max-video-preview":"max-video-preview:-1"},"canonical":"https:\/\/www.metamap.com\/pt-br\/politica-de-cookies\/","og_locale":"pt_BR","og_type":"article","og_title":"Pol\u00edtica de cookies","og_description":"MetaMap, Inc. (junto com suas afiliadas &#8220;MetaMap&#8220;, &#8220;n\u00f3s&#8221; ou &#8220;nos&#8220;) opera uma plataforma que ajuda os indiv\u00edduos a controlar suas informa\u00e7\u00f5es pessoais, e usar essas informa\u00e7\u00f5es para obter acesso a neg\u00f3cios e servi\u00e7os em todo o mundo, incluindo bancos, processadores de pagamento, plataformas de gig, telcos e empregadores que utilizam nossos servi\u00e7os como parte de [&hellip;]","og_url":"https:\/\/www.metamap.com\/pt-br\/politica-de-cookies\/","og_site_name":"MetaMap","article_publisher":"https:\/\/www.facebook.com\/getmetamap\/","article_modified_time":"2024-01-04T16:35:33+00:00","og_image":[{"width":1100,"height":721,"url":"https:\/\/www.metamap.com\/ychochat\/2023\/12\/kyc_single_platform_bb.png","type":"image\/png"}],"twitter_card":"summary_large_image","twitter_site":"@getmetamap","twitter_misc":{"Est. tempo de leitura":"9 minutos"},"schema":{"@context":"https:\/\/schema.org","@graph":[{"@type":"WebPage","@id":"https:\/\/www.metamap.com\/pt-br\/politica-de-cookies\/","url":"https:\/\/www.metamap.com\/pt-br\/politica-de-cookies\/","name":"Pol\u00edtica de cookies &#8226; MetaMap","isPartOf":{"@id":"https:\/\/www.metamap.com\/pt-br\/#website"},"datePublished":"2024-01-04T16:31:22+00:00","dateModified":"2024-01-04T16:35:33+00:00","breadcrumb":{"@id":"https:\/\/www.metamap.com\/pt-br\/politica-de-cookies\/#breadcrumb"},"inLanguage":"pt-BR","potentialAction":[{"@type":"ReadAction","target":["https:\/\/www.metamap.com\/pt-br\/politica-de-cookies\/"]}]},{"@type":"BreadcrumbList","@id":"https:\/\/www.metamap.com\/pt-br\/politica-de-cookies\/#breadcrumb","itemListElement":[{"@type":"ListItem","position":1,"name":"Home","item":"https:\/\/www.metamap.com\/pt-br\/"},{"@type":"ListItem","position":2,"name":"Pol\u00edtica de cookies"}]},{"@type":"WebSite","@id":"https:\/\/www.metamap.com\/pt-br\/#website","url":"https:\/\/www.metamap.com\/pt-br\/","name":"MetaMap","description":"Identity Verification Platform for Global Companies","publisher":{"@id":"https:\/\/www.metamap.com\/pt-br\/#organization"},"alternateName":"Metamap","potentialAction":[{"@type":"SearchAction","target":{"@type":"EntryPoint","urlTemplate":"https:\/\/www.metamap.com\/pt-br\/?s={search_term_string}"},"query-input":{"@type":"PropertyValueSpecification","valueRequired":true,"valueName":"search_term_string"}}],"inLanguage":"pt-BR"},{"@type":"Organization","@id":"https:\/\/www.metamap.com\/pt-br\/#organization","name":"Metamap","url":"https:\/\/www.metamap.com\/pt-br\/","logo":{"@type":"ImageObject","inLanguage":"pt-BR","@id":"https:\/\/www.metamap.com\/pt-br\/#\/schema\/logo\/image\/","url":"https:\/\/www.metamap.com\/ychochat\/2023\/12\/press_asset_logo-metamap.png","contentUrl":"https:\/\/www.metamap.com\/ychochat\/2023\/12\/press_asset_logo-metamap.png","width":404,"height":252,"caption":"Metamap"},"image":{"@id":"https:\/\/www.metamap.com\/pt-br\/#\/schema\/logo\/image\/"},"sameAs":["https:\/\/www.facebook.com\/getmetamap\/","https:\/\/x.com\/getmetamap","https:\/\/www.instagram.com\/getmetamap\/","https:\/\/www.linkedin.com\/company\/metmap"]}]}},"_links":{"self":[{"href":"https:\/\/www.metamap.com\/pt-br\/wp-json\/wp\/v2\/pages\/11058","targetHints":{"allow":["GET"]}}],"collection":[{"href":"https:\/\/www.metamap.com\/pt-br\/wp-json\/wp\/v2\/pages"}],"about":[{"href":"https:\/\/www.metamap.com\/pt-br\/wp-json\/wp\/v2\/types\/page"}],"author":[{"embeddable":true,"href":"https:\/\/www.metamap.com\/pt-br\/wp-json\/wp\/v2\/users\/1"}],"replies":[{"embeddable":true,"href":"https:\/\/www.metamap.com\/pt-br\/wp-json\/wp\/v2\/comments?post=11058"}],"version-history":[{"count":4,"href":"https:\/\/www.metamap.com\/pt-br\/wp-json\/wp\/v2\/pages\/11058\/revisions"}],"predecessor-version":[{"id":11062,"href":"https:\/\/www.metamap.com\/pt-br\/wp-json\/wp\/v2\/pages\/11058\/revisions\/11062"}],"wp:attachment":[{"href":"https:\/\/www.metamap.com\/pt-br\/wp-json\/wp\/v2\/media?parent=11058"}],"curies":[{"name":"wp","href":"https:\/\/api.w.org\/{rel}","templated":true}]}}