{"id":28038,"date":"2025-10-16T19:30:27","date_gmt":"2025-10-16T19:30:27","guid":{"rendered":"https:\/\/www.metamap.com\/?page_id=28038"},"modified":"2026-01-09T14:48:48","modified_gmt":"2026-01-09T14:48:48","slug":"niveles-de-servicio-y-politica-de-soporte-de-metamap","status":"publish","type":"page","link":"https:\/\/www.metamap.com\/es\/niveles-de-servicio-y-politica-de-soporte-de-metamap\/","title":{"rendered":"Niveles de servicio y pol\u00edtica de soporte de MetaMap"},"content":{"rendered":"\t\t<div data-elementor-type=\"wp-page\" data-elementor-id=\"28038\" class=\"elementor elementor-28038 elementor-27888\" data-elementor-post-type=\"page\">\n\t\t\t\t<div class=\"elementor-element elementor-element-27bf870 e-flex e-con-boxed e-con e-parent\" data-id=\"27bf870\" data-element_type=\"container\" data-e-type=\"container\">\n\t\t\t\t\t<div class=\"e-con-inner\">\n\t\t\t\t<div class=\"elementor-element elementor-element-36b08af elementor-align-right elementor-widget elementor-widget-button\" data-id=\"36b08af\" data-element_type=\"widget\" data-e-type=\"widget\" data-widget_type=\"button.default\">\n\t\t\t\t<div class=\"elementor-widget-container\">\n\t\t\t\t\t\t\t\t\t<div class=\"elementor-button-wrapper\">\n\t\t\t\t\t<a class=\"elementor-button elementor-button-link elementor-size-sm\" href=\"https:\/\/www.metamap.com\/metamap-service-level-and-support-policy\">\n\t\t\t\t\t\t<span class=\"elementor-button-content-wrapper\">\n\t\t\t\t\t\t\t\t\t<span class=\"elementor-button-text\">English<\/span>\n\t\t\t\t\t<\/span>\n\t\t\t\t\t<\/a>\n\t\t\t\t<\/div>\n\t\t\t\t\t\t\t\t<\/div>\n\t\t\t\t<\/div>\n\t\t\t\t<div class=\"elementor-element elementor-element-3b78103 elementor-widget elementor-widget-text-editor\" data-id=\"3b78103\" data-element_type=\"widget\" data-e-type=\"widget\" data-widget_type=\"text-editor.default\">\n\t\t\t\t<div class=\"elementor-widget-container\">\n\t\t\t\t\t\t\t\t\t<div class=\"form-header-group header-large\"><div class=\"header-text httal htvam\"><div id=\"subHeader_1\" class=\"form-subHeader\"><div class=\"form-header-group  header-large\"><div class=\"header-text httal htvam\"><div id=\"subHeader_1\" class=\"form-subHeader\"><span style=\"color: #808080;\">Vigente desde el 17 de octubre del 2025<\/span><\/div><\/div><div id=\"text_6\" class=\"form-html\" tabindex=\"-1\" data-component=\"text\">\u00a0<\/div><\/div><\/div><\/div><\/div><div id=\"cid_6\" class=\"form-input-wide\" data-layout=\"full\"><div id=\"text_6\" class=\"form-html\" tabindex=\"-1\" data-component=\"text\"><p><strong>NIVELES DE SERVICIO Y POLITICA DE SOPORTE<\/strong><\/p><p>Este Anexo se aplican a un Cliente que haya aceptado los t\u00e9rminos del Contrato Marco de Servicios (&#8220;Contrato&#8221;) para la prestaci\u00f3n de Servicios por parte de la entidad de MetaMap identificada en la Orden de Compra aplicable que hace referencia al Contrato y refleja los Niveles de Servicio y Pol\u00edtica de Soporte de MetaMap.<\/p><p>Este Anexo es complementario y forma parte integral del Contrato y entra en vigencia a partir de su incorporaci\u00f3n al Contrato seg\u00fan su referencia. En caso de conflicto entre los t\u00e9rminos y condiciones de este Anexo y el Contrato, los t\u00e9rminos y condiciones de este Anexo prevalecer\u00e1n, excepto cuando se indica expresamente lo contrario en la Orden de Compra aplicable. El plazo de este Anexo ser\u00e1 co-termino con el del Contrato. Los t\u00e9rminos no definidos de otra manera en este documento tendr\u00e1n el significado establecido en el Contrato.<\/p><p><strong>1.\u00a0\u00a0\u00a0\u00a0 PLATAFORMA DE METAMAP<\/strong><\/p><p><strong>1.1.\u00a0 Requisitos t\u00e9cnicos:<\/strong>\u00a0El Cliente debe cumplir con ciertos requisitos t\u00e9cnicos m\u00ednimos para poder utilizar los Servicios, entre ellos:<\/p><p>\u00a0<\/p><p><strong>1.1.1\u00a0<\/strong>\u00a0\u00a0\u00a0\u00a0\u00a0\u00a0 Un navegador web moderno (como versiones actualizadas de Google Chrome o Apple Safari)<\/p><p><strong>1.1.2\u00a0\u00a0<\/strong>\u00a0\u00a0\u00a0\u00a0\u00a0 Un receptor de webhook (accesible por servicios externos) [Opcional]<\/p><p>\u00a0<\/p><p><strong>1.2\u00a0\u00a0\u00a0 Rendimiento De La Plataforma<\/strong>: MetaMap ofrece una plataforma SaaS siendo la misma un recurso compartido y utilizado simult\u00e1neamente por todos los clientes de MetaMap, por lo que es fundamental que el Cliente haga un uso responsable de la Plataforma para no afectar a la experiencia de otros clientes. En este sentido, el Cliente se compromete a lo siguiente:<\/p><p><strong>1.2.1\u00a0\u00a0\u00a0\u00a0\u00a0\u00a0\u00a0 Cuentas.<\/strong>\u00a0 MetaMap proporcionar\u00e1 al Cliente una cuenta con el fin de gestionar m\u00faltiples flujos de productos y variables. En caso de que el Cliente requiera cuentas adicionales, MetaMap podr\u00e1 establecer t\u00e9rminos y condiciones adicionales a los presentes Acuerdos de Nivel de Servicio.<\/p><p><strong>1.2.2\u00a0\u00a0\u00a0\u00a0\u00a0\u00a0\u00a0 Recursos Escalables<\/strong>.\u00a0 La Plataforma de MetaMap conecta a los clientes con proveedores de datos y servicios de todo el mundo, y los grandes aumentos inesperados en los vol\u00famenes de solicitudes pueden llegar a saturar a estos proveedores. El Cliente y MetaMap discutir\u00e1n el volumen de solicitudes del Cliente durante el proceso de inducci\u00f3n, y si el Cliente requiere un volumen superior al que MetaMap es capaz de proporcionar, las partes podr\u00e1n acordar por escrito servicios adicionales con un costo adicional. Si el Cliente prev\u00e9 un aumento significativo del volumen de solicitudes (un aumento de m\u00e1s de 2,000 (dos mil) verificaciones al d\u00eda en comparaci\u00f3n con el volumen de verificaci\u00f3n diario habitual del Cliente), el Cliente deber\u00e1 notificar a MetaMap al menos 15 d\u00edas h\u00e1biles antes de que se produzca dicho aumento de volumen para evitar el impacto en los proveedores y servicios posteriores. Sin esta notificaci\u00f3n, MetaMap no podr\u00e1 trabajar con estos proveedores y servicios para ayudarles a evitar una interrupci\u00f3n, por lo que si el Cliente no proporciona esta notificaci\u00f3n, el Cliente renuncia expresamente a cualquier reclamaci\u00f3n contra MetaMap resultante de cualquier mal funcionamiento del sistema o indisponibilidad que surja de o est\u00e9 relacionada con el aumento del volumen de solicitudes del Cliente.<\/p><p><strong>1.2.3\u00a0\u00a0\u00a0\u00a0\u00a0\u00a0\u00a0 Uso Aceptable.<\/strong>\u00a0 El Cliente debe utilizar la Plataforma y los Servicios de acuerdo con los Materiales, incluyendo la Pol\u00edtica de Uso Aceptable de MetaMap.\u00a0 Si el Cliente no cumple con esta cl\u00e1usula 1.2, MetaMap puede (a discreci\u00f3n de MetaMap) tomar las medidas necesarias para proteger la Plataforma y a otros clientes, incluyendo la suspensi\u00f3n del acceso del Cliente a la Plataforma hasta que el incumplimiento o la deficiencia sea remediada.<\/p><p>\u00a0<\/p><p><strong>2.\u00a0\u00a0\u00a0\u00a0 SOPORTE AL CLIENTE<\/strong><\/p><p><strong>2.1 Servicio al Cliente.<\/strong>\u00a0Cada vez que un Cliente se ponga en contacto con el equipo de atenci\u00f3n al cliente para informar de un problema, MetaMap realiza\u00e1 las siguientes revisiones:<\/p><p>\u00b7\u00a0\u00a0\u00a0\u00a0\u00a0\u00a0 Intentar reproducir el problema;<\/p><p>\u00b7\u00a0\u00a0\u00a0\u00a0\u00a0\u00a0 Abrir tickets de incidentes para los clientes si se necesita soporte de ingenier\u00eda;<\/p><p>\u00b7\u00a0\u00a0\u00a0\u00a0\u00a0\u00a0 Monitorear el progreso de los incidentes reportados.<\/p><p>\u00a0<\/p><p>Consultas varias.<\/p><p>\u00b7\u00a0\u00a0\u00a0\u00a0\u00a0\u00a0 Admite consultas funcionales de productos.<\/p><p>\u00b7\u00a0\u00a0\u00a0\u00a0\u00a0\u00a0 Admite consultas de API funcionales.<\/p><p>\u00b7\u00a0\u00a0\u00a0\u00a0\u00a0\u00a0 Compatibilidad con las nuevas versiones de productos con los documentos disponibles.<\/p><p>\u00a0<\/p><p>Tiempo de Respuesta del Servicio de Asistencia<\/p><p>\u25cf\u00a0\u00a0\u00a0\u00a0\u00a0 MetaMap ofrece soporte a sus Clientes, sin embargo los tiempos de respuesta pueden variar fuera de los horarios de funcionamiento est\u00e1ndar.<\/p><p>\u25cf\u00a0\u00a0\u00a0\u00a0\u00a0 Si el Cliente requiere asistencia urgente, debe enviar un correo electr\u00f3nico con el asunto &#8220;EMERGENCIA&#8221; a support@metamap.com<\/p><p>2.2 Mantenimiento programado. Es posible que MetaMap necesite ocasionalmente realizar tareas de mantenimiento que pueden afectar la disponibilidad de la plataforma. MetaMap har\u00e1 todos los esfuerzos comercialmente razonables para notificar al Cliente con anticipaci\u00f3n antes de cualquier mantenimiento programado.<\/p><p>\u00a0<\/p><p><strong>3.\u00a0\u00a0\u00a0\u00a0 NIVELES DE SERVICIO<\/strong><\/p><p><strong>3.1 Niveles de Servicio<\/strong>. El Cliente recibir\u00e1 una Primera Respuesta a cualquier consulta que plantee un incidente de condici\u00f3n calificado a trav\u00e9s del chat de la plataforma o correo electr\u00f3nico dentro de 1 hora de su mensaje (el &#8220;Tiempo de Primera Respuesta&#8221;).<\/p><p>El Tiempo de Primera Respuesta comenzar\u00e1 a contar a partir del momento en que MetaMap reciba la notificaci\u00f3n de un problema por parte del Cliente. Este nivel de servicio se considerar\u00e1 incumplido si MetaMap no responde a tres incidencias distintas dentro del Tiempo de Primera Respuesta durante un periodo de tres meses consecutivos tomados en conjunto.<\/p><p><strong>3.2 Disponibilidad<\/strong>. La plataforma est\u00e1 dise\u00f1ada para ser accesible el 99,5% del tiempo o m\u00e1s, calculado por cada mes calendario.\u00a0 Este nivel de servicio se considerar\u00e1 incumplido si la Plataforma de MetaMap es inaccesible durante m\u00e1s del 00.5% de un mes calendario, durante tres o m\u00e1s meses calendario en un periodo de un a\u00f1o calendario.<\/p><p><strong>3.3 Exclusiones.<\/strong>\u00a0Los compromisos de nivel de servicio no cubren problemas o incidentes que surjan de: (i) las acciones del Cliente o el equipo, software, conexiones de red, infraestructura y otros sistemas del Cliente; (ii) el uso de la plataforma o los Servicios de una manera que no sea coherente con la Documentaci\u00f3n; (iii) modificaciones a la plataforma o a los Servicios por parte de cualquier parte que no sea el proveedor de la misma; (iv) Servicios de terceros; (v) Mala fe, conducta fraudulenta o enga\u00f1osa del Cliente; o (vi) problemas generales de Internet m\u00e1s all\u00e1 del control razonable de MetaMap. A los efectos de esta secci\u00f3n, &#8220;Servicios de terceros&#8221; se refiere a las aplicaciones, los datos y los servicios proporcionados por terceros. Por ejemplo, el Cliente puede utilizar los Servicios para acceder a aplicaciones o datos proporcionados por una autoridad gubernamental, o un proveedor de servicios externo. MetaMap no tiene la capacidad de controlar el uso de los Servicios de terceros por parte del Cliente y, como tal, MetaMap no es responsable de los Servicios de terceros, y no ofrece garant\u00edas con respecto a su funcionalidad o disponibilidad.\u00a0 El Cliente es responsable de su uso y de cualquier intercambio de datos con un Servicio de terceros.<\/p><p>Asimismo, tal y como se establece en la cl\u00e1usula 1.2.2, no habr\u00e1 incumplimiento de los niveles de servicio de disponibilidad establecidos en la cl\u00e1usula 3.2 en la medida en que (i) el Cliente no notifique a MetaMap un aumento sustancial de los vol\u00famenes de verificaci\u00f3n, y (ii) la Plataforma hubiera sido accesible de no ser por el aumento de los vol\u00famenes de verificaci\u00f3n.<\/p><p><strong>3.4 Remedio<\/strong>s. Si MetaMap incumple sus niveles de servicio seg\u00fan lo establecido en esta cl\u00e1usula 3, el Cliente tendr\u00e1 derecho a los siguientes recursos, a petici\u00f3n y a discreci\u00f3n del Cliente:<\/p><p><strong>3.4.1<\/strong>\u00a0\u00a0\u00a0\u00a0\u00a0\u00a0\u00a0 El Cliente podr\u00e1 dar por terminado inmediatamente el Contrato, y tendr\u00e1 derecho a un reembolso prorrateado de las tarifas prepagadas por futuros servicios;<\/p><p><strong>3.4.2\u00a0<\/strong>\u00a0\u00a0\u00a0\u00a0\u00a0\u00a0 MetaMap trabajar\u00e1 con el Cliente para generar un documento escrito de &#8220;An\u00e1lisis de la Causa de Origen&#8221; que explique el incumplimiento, las razones del mismo y las medidas adoptadas para mitigar cualquier riesgo de que el incumplimiento vuelva a producirse.<\/p><p><strong>3.5<\/strong>\u00a0Los remedios establecidos anteriormente constituir\u00e1n el \u00fanico y exclusivo recurso del Cliente y la responsabilidad total de MetaMap en caso de incumplimiento de los Niveles de Servicio establecidos en este documento.<\/p><p>\u00a0<\/p><\/div><\/div>\t\t\t\t\t\t\t\t<\/div>\n\t\t\t\t<\/div>\n\t\t\t\t\t<\/div>\n\t\t\t\t<\/div>\n\t\t\t\t<\/div>\n\t\t","protected":false},"excerpt":{"rendered":"<p>English Vigente desde el 17 de octubre del 2025\u00a0 NIVELES DE SERVICIO Y POLITICA DE SOPORTE Este Anexo se aplican a un Cliente que haya aceptado los t\u00e9rminos del Contrato Marco de Servicios (&#8220;Contrato&#8221;) para la prestaci\u00f3n de Servicios por parte de la entidad de MetaMap identificada en la Orden de Compra aplicable que hace [&hellip;]<\/p>\n","protected":false},"author":1,"featured_media":0,"parent":0,"menu_order":0,"comment_status":"closed","ping_status":"closed","template":"","meta":{"footnotes":""},"class_list":["post-28038","page","type-page","status-publish","hentry"],"yoast_head":"\n<title>Niveles de servicio y pol\u00edtica de soporte de MetaMap &#8226; MetaMap<\/title>\n<meta name=\"robots\" content=\"index, follow, max-snippet:-1, max-image-preview:large, max-video-preview:-1\" \/>\n<link rel=\"canonical\" href=\"https:\/\/www.metamap.com\/es\/niveles-de-servicio-y-politica-de-soporte-de-metamap\/\" \/>\n<meta property=\"og:locale\" content=\"es_ES\" \/>\n<meta property=\"og:type\" content=\"article\" \/>\n<meta property=\"og:title\" content=\"Niveles de servicio y pol\u00edtica de soporte de MetaMap\" \/>\n<meta property=\"og:description\" content=\"English Vigente desde el 17 de octubre del 2025\u00a0 NIVELES DE SERVICIO Y POLITICA DE SOPORTE Este Anexo se aplican a un Cliente que haya aceptado los t\u00e9rminos del Contrato Marco de Servicios (&#8220;Contrato&#8221;) para la prestaci\u00f3n de Servicios por parte de la entidad de MetaMap identificada en la Orden de Compra aplicable que hace [&hellip;]\" \/>\n<meta property=\"og:url\" content=\"https:\/\/www.metamap.com\/es\/niveles-de-servicio-y-politica-de-soporte-de-metamap\/\" \/>\n<meta property=\"og:site_name\" content=\"MetaMap\" \/>\n<meta property=\"article:publisher\" content=\"https:\/\/www.facebook.com\/getmetamap\/\" \/>\n<meta property=\"article:modified_time\" content=\"2026-01-09T14:48:48+00:00\" \/>\n<meta property=\"og:image\" content=\"https:\/\/www.metamap.com\/ychochat\/2023\/12\/kyc_single_platform_bb.png\" \/>\n\t<meta property=\"og:image:width\" content=\"1100\" \/>\n\t<meta property=\"og:image:height\" content=\"721\" \/>\n\t<meta property=\"og:image:type\" content=\"image\/png\" \/>\n<meta name=\"twitter:card\" content=\"summary_large_image\" \/>\n<meta name=\"twitter:site\" content=\"@getmetamap\" \/>\n<meta name=\"twitter:label1\" content=\"Tiempo de lectura\" \/>\n\t<meta name=\"twitter:data1\" content=\"7 minutos\" \/>\n<script type=\"application\/ld+json\" class=\"yoast-schema-graph\">{\"@context\":\"https:\\\/\\\/schema.org\",\"@graph\":[{\"@type\":\"WebPage\",\"@id\":\"https:\\\/\\\/www.metamap.com\\\/es\\\/niveles-de-servicio-y-politica-de-soporte-de-metamap\\\/\",\"url\":\"https:\\\/\\\/www.metamap.com\\\/es\\\/niveles-de-servicio-y-politica-de-soporte-de-metamap\\\/\",\"name\":\"Niveles de servicio y pol\u00edtica de soporte de MetaMap &#8226; MetaMap\",\"isPartOf\":{\"@id\":\"https:\\\/\\\/www.metamap.com\\\/es\\\/#website\"},\"datePublished\":\"2025-10-16T19:30:27+00:00\",\"dateModified\":\"2026-01-09T14:48:48+00:00\",\"breadcrumb\":{\"@id\":\"https:\\\/\\\/www.metamap.com\\\/es\\\/niveles-de-servicio-y-politica-de-soporte-de-metamap\\\/#breadcrumb\"},\"inLanguage\":\"es\",\"potentialAction\":[{\"@type\":\"ReadAction\",\"target\":[\"https:\\\/\\\/www.metamap.com\\\/es\\\/niveles-de-servicio-y-politica-de-soporte-de-metamap\\\/\"]}]},{\"@type\":\"BreadcrumbList\",\"@id\":\"https:\\\/\\\/www.metamap.com\\\/es\\\/niveles-de-servicio-y-politica-de-soporte-de-metamap\\\/#breadcrumb\",\"itemListElement\":[{\"@type\":\"ListItem\",\"position\":1,\"name\":\"Home\",\"item\":\"https:\\\/\\\/www.metamap.com\\\/es\\\/\"},{\"@type\":\"ListItem\",\"position\":2,\"name\":\"Niveles de servicio y pol\u00edtica de soporte de MetaMap\"}]},{\"@type\":\"WebSite\",\"@id\":\"https:\\\/\\\/www.metamap.com\\\/es\\\/#website\",\"url\":\"https:\\\/\\\/www.metamap.com\\\/es\\\/\",\"name\":\"MetaMap\",\"description\":\"Identity Verification Platform for Global Companies\",\"publisher\":{\"@id\":\"https:\\\/\\\/www.metamap.com\\\/es\\\/#organization\"},\"alternateName\":\"Metamap\",\"potentialAction\":[{\"@type\":\"SearchAction\",\"target\":{\"@type\":\"EntryPoint\",\"urlTemplate\":\"https:\\\/\\\/www.metamap.com\\\/es\\\/?s={search_term_string}\"},\"query-input\":{\"@type\":\"PropertyValueSpecification\",\"valueRequired\":true,\"valueName\":\"search_term_string\"}}],\"inLanguage\":\"es\"},{\"@type\":\"Organization\",\"@id\":\"https:\\\/\\\/www.metamap.com\\\/es\\\/#organization\",\"name\":\"Metamap\",\"url\":\"https:\\\/\\\/www.metamap.com\\\/es\\\/\",\"logo\":{\"@type\":\"ImageObject\",\"inLanguage\":\"es\",\"@id\":\"https:\\\/\\\/www.metamap.com\\\/es\\\/#\\\/schema\\\/logo\\\/image\\\/\",\"url\":\"https:\\\/\\\/www.metamap.com\\\/wp-content\\\/uploads\\\/2023\\\/12\\\/press_asset_logo-metamap.png\",\"contentUrl\":\"https:\\\/\\\/www.metamap.com\\\/wp-content\\\/uploads\\\/2023\\\/12\\\/press_asset_logo-metamap.png\",\"width\":404,\"height\":252,\"caption\":\"Metamap\"},\"image\":{\"@id\":\"https:\\\/\\\/www.metamap.com\\\/es\\\/#\\\/schema\\\/logo\\\/image\\\/\"},\"sameAs\":[\"https:\\\/\\\/www.facebook.com\\\/getmetamap\\\/\",\"https:\\\/\\\/x.com\\\/getmetamap\",\"https:\\\/\\\/www.instagram.com\\\/getmetamap\\\/\",\"https:\\\/\\\/www.linkedin.com\\\/company\\\/metmap\"]}]}<\/script>\n","yoast_head_json":{"title":"Niveles de servicio y pol\u00edtica de soporte de MetaMap &#8226; MetaMap","robots":{"index":"index","follow":"follow","max-snippet":"max-snippet:-1","max-image-preview":"max-image-preview:large","max-video-preview":"max-video-preview:-1"},"canonical":"https:\/\/www.metamap.com\/es\/niveles-de-servicio-y-politica-de-soporte-de-metamap\/","og_locale":"es_ES","og_type":"article","og_title":"Niveles de servicio y pol\u00edtica de soporte de MetaMap","og_description":"English Vigente desde el 17 de octubre del 2025\u00a0 NIVELES DE SERVICIO Y POLITICA DE SOPORTE Este Anexo se aplican a un Cliente que haya aceptado los t\u00e9rminos del Contrato Marco de Servicios (&#8220;Contrato&#8221;) para la prestaci\u00f3n de Servicios por parte de la entidad de MetaMap identificada en la Orden de Compra aplicable que hace [&hellip;]","og_url":"https:\/\/www.metamap.com\/es\/niveles-de-servicio-y-politica-de-soporte-de-metamap\/","og_site_name":"MetaMap","article_publisher":"https:\/\/www.facebook.com\/getmetamap\/","article_modified_time":"2026-01-09T14:48:48+00:00","og_image":[{"width":1100,"height":721,"url":"https:\/\/www.metamap.com\/ychochat\/2023\/12\/kyc_single_platform_bb.png","type":"image\/png"}],"twitter_card":"summary_large_image","twitter_site":"@getmetamap","twitter_misc":{"Tiempo de lectura":"7 minutos"},"schema":{"@context":"https:\/\/schema.org","@graph":[{"@type":"WebPage","@id":"https:\/\/www.metamap.com\/es\/niveles-de-servicio-y-politica-de-soporte-de-metamap\/","url":"https:\/\/www.metamap.com\/es\/niveles-de-servicio-y-politica-de-soporte-de-metamap\/","name":"Niveles de servicio y pol\u00edtica de soporte de MetaMap &#8226; MetaMap","isPartOf":{"@id":"https:\/\/www.metamap.com\/es\/#website"},"datePublished":"2025-10-16T19:30:27+00:00","dateModified":"2026-01-09T14:48:48+00:00","breadcrumb":{"@id":"https:\/\/www.metamap.com\/es\/niveles-de-servicio-y-politica-de-soporte-de-metamap\/#breadcrumb"},"inLanguage":"es","potentialAction":[{"@type":"ReadAction","target":["https:\/\/www.metamap.com\/es\/niveles-de-servicio-y-politica-de-soporte-de-metamap\/"]}]},{"@type":"BreadcrumbList","@id":"https:\/\/www.metamap.com\/es\/niveles-de-servicio-y-politica-de-soporte-de-metamap\/#breadcrumb","itemListElement":[{"@type":"ListItem","position":1,"name":"Home","item":"https:\/\/www.metamap.com\/es\/"},{"@type":"ListItem","position":2,"name":"Niveles de servicio y pol\u00edtica de soporte de MetaMap"}]},{"@type":"WebSite","@id":"https:\/\/www.metamap.com\/es\/#website","url":"https:\/\/www.metamap.com\/es\/","name":"MetaMap","description":"Identity Verification Platform for Global Companies","publisher":{"@id":"https:\/\/www.metamap.com\/es\/#organization"},"alternateName":"Metamap","potentialAction":[{"@type":"SearchAction","target":{"@type":"EntryPoint","urlTemplate":"https:\/\/www.metamap.com\/es\/?s={search_term_string}"},"query-input":{"@type":"PropertyValueSpecification","valueRequired":true,"valueName":"search_term_string"}}],"inLanguage":"es"},{"@type":"Organization","@id":"https:\/\/www.metamap.com\/es\/#organization","name":"Metamap","url":"https:\/\/www.metamap.com\/es\/","logo":{"@type":"ImageObject","inLanguage":"es","@id":"https:\/\/www.metamap.com\/es\/#\/schema\/logo\/image\/","url":"https:\/\/www.metamap.com\/ychochat\/2023\/12\/press_asset_logo-metamap.png","contentUrl":"https:\/\/www.metamap.com\/ychochat\/2023\/12\/press_asset_logo-metamap.png","width":404,"height":252,"caption":"Metamap"},"image":{"@id":"https:\/\/www.metamap.com\/es\/#\/schema\/logo\/image\/"},"sameAs":["https:\/\/www.facebook.com\/getmetamap\/","https:\/\/x.com\/getmetamap","https:\/\/www.instagram.com\/getmetamap\/","https:\/\/www.linkedin.com\/company\/metmap"]}]}},"_links":{"self":[{"href":"https:\/\/www.metamap.com\/es\/wp-json\/wp\/v2\/pages\/28038","targetHints":{"allow":["GET"]}}],"collection":[{"href":"https:\/\/www.metamap.com\/es\/wp-json\/wp\/v2\/pages"}],"about":[{"href":"https:\/\/www.metamap.com\/es\/wp-json\/wp\/v2\/types\/page"}],"author":[{"embeddable":true,"href":"https:\/\/www.metamap.com\/es\/wp-json\/wp\/v2\/users\/1"}],"replies":[{"embeddable":true,"href":"https:\/\/www.metamap.com\/es\/wp-json\/wp\/v2\/comments?post=28038"}],"version-history":[{"count":10,"href":"https:\/\/www.metamap.com\/es\/wp-json\/wp\/v2\/pages\/28038\/revisions"}],"predecessor-version":[{"id":28056,"href":"https:\/\/www.metamap.com\/es\/wp-json\/wp\/v2\/pages\/28038\/revisions\/28056"}],"wp:attachment":[{"href":"https:\/\/www.metamap.com\/es\/wp-json\/wp\/v2\/media?parent=28038"}],"curies":[{"name":"wp","href":"https:\/\/api.w.org\/{rel}","templated":true}]}}