{"id":27714,"date":"2025-06-10T14:59:12","date_gmt":"2025-06-10T14:59:12","guid":{"rendered":"https:\/\/www.metamap.com\/?page_id=27714"},"modified":"2025-06-10T18:12:51","modified_gmt":"2025-06-10T18:12:51","slug":"politica-y-aviso-de-datos-biometricos","status":"publish","type":"page","link":"https:\/\/www.metamap.com\/es\/politica-y-aviso-de-datos-biometricos\/","title":{"rendered":"Pol\u00edtica y Aviso de Datos Biom\u00e9tricos"},"content":{"rendered":"\t\t<div data-elementor-type=\"wp-page\" data-elementor-id=\"27714\" class=\"elementor elementor-27714 elementor-27709\" data-elementor-post-type=\"page\">\n\t\t\t\t<div class=\"elementor-element elementor-element-0c2cf87 e-flex e-con-boxed e-con e-parent\" data-id=\"0c2cf87\" data-element_type=\"container\" data-e-type=\"container\">\n\t\t\t\t\t<div class=\"e-con-inner\">\n\t\t\t\t<div class=\"elementor-element elementor-element-102a7ca elementor-widget elementor-widget-heading\" data-id=\"102a7ca\" data-element_type=\"widget\" data-e-type=\"widget\" data-widget_type=\"heading.default\">\n\t\t\t\t<div class=\"elementor-widget-container\">\n\t\t\t\t\t<h1 class=\"elementor-heading-title elementor-size-default\">Pol\u00edtica y Aviso de Datos Biom\u00e9tricos<\/h1>\t\t\t\t<\/div>\n\t\t\t\t<\/div>\n\t\t\t\t<div class=\"elementor-element elementor-element-6fbeea3 elementor-widget elementor-widget-text-editor\" data-id=\"6fbeea3\" data-element_type=\"widget\" data-e-type=\"widget\" data-widget_type=\"text-editor.default\">\n\t\t\t\t<div class=\"elementor-widget-container\">\n\t\t\t\t\t\t\t\t\t<p class=\"p1\"><b>1. Prop\u00f3sito<\/b><\/p>\n<p class=\"p1\">MetaMap, Inc. y sus Afiliadas (&#8220;Empresa&#8221;) han adoptado esta Pol\u00edtica y Aviso de Datos Biom\u00e9tricos (esta &#8220;Pol\u00edtica&#8221;) para regular el tratamiento de sus Datos Biom\u00e9tricos, y es aplicable a usuarios residentes en los Estados Unidos de Am\u00e9rica\u00a0<b>(o residentes no estadounidenses cuyos datos biom\u00e9tricos sean recopilados en una jurisdicci\u00f3n estadounidense en la que estas protecciones se apliquen seg\u00fan la ley aplicable)<\/b>. Proteger la confidencialidad e integridad de los Datos Biom\u00e9tricos es una responsabilidad cr\u00edtica que debe tomarse con seriedad en todo momento. El cumplimiento de esta Pol\u00edtica es obligatorio. Esta Pol\u00edtica existe para ayudarle a comprender mejor c\u00f3mo recopilamos y tratamos los Datos Biom\u00e9tricos, adem\u00e1s de la informaci\u00f3n proporcionada en nuestra Pol\u00edtica de Privacidad.<\/p>\n<p class=\"p1\"><b>2. Alcance<\/b><\/p>\n<p class=\"p1\">Esta Pol\u00edtica aplica a todos los empleados, agentes y representantes de la Empresa, incluyendo cualquier contratista o proveedor de servicios externo de la Empresa (&#8220;Proveedor de Servicios Externo&#8221;) que tengan acceso a Datos Biom\u00e9tricos en nombre de la Empresa. Esta Pol\u00edtica aplica a todos los Datos Biom\u00e9tricos recopilados, mantenidos, transmitidos, almacenados, conservados o utilizados de otra manera por la Empresa, independientemente del medio en el que se almacene dicha informaci\u00f3n y ya sea que se relacione con clientes\/usuarios de los servicios de MetaMap.<\/p>\n<p class=\"p1\"><b>3. Definiciones<\/b><\/p>\n<p class=\"p1\">&#8220;<b>Afiliadas<\/b>&#8221; significa cualquier entidad que directa o indirectamente controle, sea controlada por, o est\u00e9 bajo control com\u00fan con MetaMap, Inc., donde &#8220;control&#8221; significa la propiedad de, o el poder de votar, al menos el cincuenta por ciento (50%) de las acciones con derecho a voto, participaciones o intereses de dicha entidad.<\/p>\n<p class=\"p1\">&#8220;<b>Datos Biom\u00e9tricos<\/b>&#8221; significa colectivamente todos los Identificadores Biom\u00e9tricos y la Informaci\u00f3n Biom\u00e9trica.<\/p>\n<p class=\"p1\">&#8220;<b>Identificadores Biom\u00e9tricos<\/b>&#8221; significa:<\/p>\n\n<ul class=\"ul1\">\n \t<li class=\"li1\">Escaneos de retina o iris<\/li>\n \t<li class=\"li1\">Huellas dactilares<\/li>\n \t<li class=\"li1\">Huellas de voz<\/li>\n \t<li class=\"li1\">Escaneos de geometr\u00eda de mano o rostro<\/li>\n<\/ul>\n<p class=\"p1\">Los Identificadores Biom\u00e9tricos no incluyen:<\/p>\n\n<ul class=\"ul1\">\n \t<li class=\"li1\">Muestras de escritura y firmas escritas<\/li>\n \t<li class=\"li1\">Fotograf\u00edas<\/li>\n \t<li class=\"li1\">Muestras biol\u00f3gicas humanas utilizadas para pruebas o evaluaciones cient\u00edficas v\u00e1lidas<\/li>\n \t<li class=\"li1\">Datos demogr\u00e1ficos<\/li>\n \t<li class=\"li1\">Descripciones de tatuajes<\/li>\n \t<li class=\"li1\">Descripciones f\u00edsicas, tales como:\n<ul class=\"ul1\">\n \t<li class=\"li1\">altura<\/li>\n \t<li class=\"li1\">peso<\/li>\n \t<li class=\"li1\">color de pelo; o<\/li>\n \t<li class=\"li1\">color de ojos<\/li>\n<\/ul>\n<\/li>\n \t<li class=\"li1\">Informaci\u00f3n capturada de un paciente en un entorno de atenci\u00f3n m\u00e9dica<\/li>\n \t<li class=\"li1\">Informaci\u00f3n recopilada, utilizada o almacenada para tratamiento, pago u operaciones de atenci\u00f3n m\u00e9dica bajo la Ley de Portabilidad y Responsabilidad de Seguros de Salud (HIPAA)<\/li>\n \t<li class=\"li1\">\u00d3rganos, tejidos o partes donados seg\u00fan lo definido por la Ley de Donaci\u00f3n Anat\u00f3mica de Illinois o sangre o suero almacenado en relaci\u00f3n con trasplantes de \u00f3rganos<\/li>\n \t<li class=\"li1\">Materiales biol\u00f3gicos regulados bajo la Ley Federal de Privacidad de Informaci\u00f3n Gen\u00e9tica<\/li>\n<\/ul>\n<p class=\"p1\">&#8220;<b>Informaci\u00f3n Biom\u00e9trica<\/b>&#8221; significa informaci\u00f3n, independientemente de c\u00f3mo se capture, convierta, almacene o comparta, que se base en un Identificador Biom\u00e9trico. Los Datos Biom\u00e9tricos no incluyen informaci\u00f3n derivada de elementos o procedimientos excluidos bajo la definici\u00f3n de Identificadores Biom\u00e9tricos.<\/p>\n<p class=\"p1\"><b>4. Calendario de Retenci\u00f3n<\/b><\/p>\n<p class=\"p1\">A menos que sea requerido por una orden de un tribunal de jurisdicci\u00f3n competente o ley aplicable, solo conservaremos los datos biom\u00e9tricos hasta: (i) que se haya satisfecho el prop\u00f3sito inicial para recopilar los Datos Biom\u00e9tricos; o (ii) tres a\u00f1os despu\u00e9s de su \u00faltima interacci\u00f3n con la Empresa, lo que ocurra primero, a menos que estemos legalmente obligados a mantener dichos datos por un per\u00edodo diferente.<\/p>\n<p class=\"p1\"><b>5. Recopilaci\u00f3n de Datos Biom\u00e9tricos<\/b><\/p>\n<p class=\"p1\">La Empresa y sus socios y proveedores recopilan, almacenan y utilizan Datos Biom\u00e9tricos con fines de verificaci\u00f3n de identidad y servicios relacionados (as\u00ed como el entrenamiento relacionado de modelos, en caso de contar con el consentimiento del individuo). Antes de recopilar Datos Biom\u00e9tricos de cualquier individuo, la Empresa obtendr\u00e1 el consentimiento por escrito del individuo para la recopilaci\u00f3n, seg\u00fan lo requiera la ley aplicable.<\/p>\n<p class=\"p1\"><b>6. Seguridad de Datos Biom\u00e9tricos<\/b><\/p>\n<p class=\"p1\">La Empresa utilizar\u00e1 un est\u00e1ndar razonable de cuidado para almacenar, transmitir y proteger de la divulgaci\u00f3n cualquier Dato Biom\u00e9trico en papel o electr\u00f3nico recopilado.<\/p>\n<p class=\"p1\"><b>7. Divulgaciones de Datos Biom\u00e9tricos<\/b><\/p>\n<p class=\"p1\">Sujeto al consentimiento individual, la Empresa puede divulgar los Datos Biom\u00e9tricos de un individuo a sus proveedores externos y\/o licenciantes para facilitar la prestaci\u00f3n de sus servicios.<\/p>\n<p class=\"p1\">La Empresa proh\u00edbe cualquier divulgaci\u00f3n adicional o re-divulgaci\u00f3n de Datos Biom\u00e9tricos a menos que:<\/p>\n\n<ul class=\"ul1\">\n \t<li class=\"li1\">El individuo o el representante legalmente autorizado del individuo consienta a la divulgaci\u00f3n<\/li>\n \t<li class=\"li1\">La divulgaci\u00f3n sea requerida por la ley o regulaci\u00f3n aplicable; o<\/li>\n \t<li class=\"li1\">La divulgaci\u00f3n sea requerida de conformidad con una orden judicial v\u00e1lida o citaci\u00f3n emitida por un tribunal de jurisdicci\u00f3n competente<\/li>\n<\/ul>\n<p class=\"p1\">La Empresa no vende, arrienda, intercambia ni obtiene beneficios de otra manera de los Datos Biom\u00e9tricos.<\/p>\n<p class=\"p1\">Para cualquier pregunta sobre nuestro uso de datos biom\u00e9tricos u otras consultas de privacidad, por favor env\u00ede una solicitud a nuestro equipo de privacidad a\u00a0dataprotection@incode.com.<\/p>\n<p class=\"p1\">Versi\u00f3n 1. \u00daltima actualizaci\u00f3n: 9 de junio de 2025<\/p>\t\t\t\t\t\t\t\t<\/div>\n\t\t\t\t<\/div>\n\t\t\t\t\t<\/div>\n\t\t\t\t<\/div>\n\t\t\t\t<\/div>\n\t\t","protected":false},"excerpt":{"rendered":"<p>Pol\u00edtica y Aviso de Datos Biom\u00e9tricos 1. Prop\u00f3sito MetaMap, Inc. y sus Afiliadas (&#8220;Empresa&#8221;) han adoptado esta Pol\u00edtica y Aviso de Datos Biom\u00e9tricos (esta &#8220;Pol\u00edtica&#8221;) para regular el tratamiento de sus Datos Biom\u00e9tricos, y es aplicable a usuarios residentes en los Estados Unidos de Am\u00e9rica\u00a0(o residentes no estadounidenses cuyos datos biom\u00e9tricos sean recopilados en una [&hellip;]<\/p>\n","protected":false},"author":1,"featured_media":0,"parent":0,"menu_order":0,"comment_status":"closed","ping_status":"closed","template":"","meta":{"footnotes":""},"class_list":["post-27714","page","type-page","status-publish","hentry"],"yoast_head":"\n<title>Pol\u00edtica y Aviso de Datos Biom\u00e9tricos &#8226; MetaMap<\/title>\n<meta name=\"robots\" content=\"index, follow, max-snippet:-1, max-image-preview:large, max-video-preview:-1\" \/>\n<link rel=\"canonical\" href=\"https:\/\/www.metamap.com\/es\/politica-y-aviso-de-datos-biometricos\/\" \/>\n<meta property=\"og:locale\" content=\"es_ES\" \/>\n<meta property=\"og:type\" content=\"article\" \/>\n<meta property=\"og:title\" content=\"Pol\u00edtica y Aviso de Datos Biom\u00e9tricos\" \/>\n<meta property=\"og:description\" content=\"Pol\u00edtica y Aviso de Datos Biom\u00e9tricos 1. Prop\u00f3sito MetaMap, Inc. y sus Afiliadas (&#8220;Empresa&#8221;) han adoptado esta Pol\u00edtica y Aviso de Datos Biom\u00e9tricos (esta &#8220;Pol\u00edtica&#8221;) para regular el tratamiento de sus Datos Biom\u00e9tricos, y es aplicable a usuarios residentes en los Estados Unidos de Am\u00e9rica\u00a0(o residentes no estadounidenses cuyos datos biom\u00e9tricos sean recopilados en una [&hellip;]\" \/>\n<meta property=\"og:url\" content=\"https:\/\/www.metamap.com\/es\/politica-y-aviso-de-datos-biometricos\/\" \/>\n<meta property=\"og:site_name\" content=\"MetaMap\" \/>\n<meta property=\"article:publisher\" content=\"https:\/\/www.facebook.com\/getmetamap\/\" \/>\n<meta property=\"article:modified_time\" content=\"2025-06-10T18:12:51+00:00\" \/>\n<meta property=\"og:image\" content=\"https:\/\/www.metamap.com\/ychochat\/2023\/12\/kyc_single_platform_bb.png\" \/>\n\t<meta property=\"og:image:width\" content=\"1100\" \/>\n\t<meta property=\"og:image:height\" content=\"721\" \/>\n\t<meta property=\"og:image:type\" content=\"image\/png\" \/>\n<meta name=\"twitter:card\" content=\"summary_large_image\" \/>\n<meta name=\"twitter:site\" content=\"@getmetamap\" \/>\n<meta name=\"twitter:label1\" content=\"Tiempo de lectura\" \/>\n\t<meta name=\"twitter:data1\" content=\"4 minutos\" \/>\n<script type=\"application\/ld+json\" class=\"yoast-schema-graph\">{\"@context\":\"https:\\\/\\\/schema.org\",\"@graph\":[{\"@type\":\"WebPage\",\"@id\":\"https:\\\/\\\/www.metamap.com\\\/es\\\/politica-y-aviso-de-datos-biometricos\\\/\",\"url\":\"https:\\\/\\\/www.metamap.com\\\/es\\\/politica-y-aviso-de-datos-biometricos\\\/\",\"name\":\"Pol\u00edtica y Aviso de Datos Biom\u00e9tricos &#8226; MetaMap\",\"isPartOf\":{\"@id\":\"https:\\\/\\\/www.metamap.com\\\/es\\\/#website\"},\"datePublished\":\"2025-06-10T14:59:12+00:00\",\"dateModified\":\"2025-06-10T18:12:51+00:00\",\"breadcrumb\":{\"@id\":\"https:\\\/\\\/www.metamap.com\\\/es\\\/politica-y-aviso-de-datos-biometricos\\\/#breadcrumb\"},\"inLanguage\":\"es\",\"potentialAction\":[{\"@type\":\"ReadAction\",\"target\":[\"https:\\\/\\\/www.metamap.com\\\/es\\\/politica-y-aviso-de-datos-biometricos\\\/\"]}]},{\"@type\":\"BreadcrumbList\",\"@id\":\"https:\\\/\\\/www.metamap.com\\\/es\\\/politica-y-aviso-de-datos-biometricos\\\/#breadcrumb\",\"itemListElement\":[{\"@type\":\"ListItem\",\"position\":1,\"name\":\"Home\",\"item\":\"https:\\\/\\\/www.metamap.com\\\/es\\\/\"},{\"@type\":\"ListItem\",\"position\":2,\"name\":\"Pol\u00edtica y Aviso de Datos Biom\u00e9tricos\"}]},{\"@type\":\"WebSite\",\"@id\":\"https:\\\/\\\/www.metamap.com\\\/es\\\/#website\",\"url\":\"https:\\\/\\\/www.metamap.com\\\/es\\\/\",\"name\":\"MetaMap\",\"description\":\"Identity Verification Platform for Global Companies\",\"publisher\":{\"@id\":\"https:\\\/\\\/www.metamap.com\\\/es\\\/#organization\"},\"alternateName\":\"Metamap\",\"potentialAction\":[{\"@type\":\"SearchAction\",\"target\":{\"@type\":\"EntryPoint\",\"urlTemplate\":\"https:\\\/\\\/www.metamap.com\\\/es\\\/?s={search_term_string}\"},\"query-input\":{\"@type\":\"PropertyValueSpecification\",\"valueRequired\":true,\"valueName\":\"search_term_string\"}}],\"inLanguage\":\"es\"},{\"@type\":\"Organization\",\"@id\":\"https:\\\/\\\/www.metamap.com\\\/es\\\/#organization\",\"name\":\"Metamap\",\"url\":\"https:\\\/\\\/www.metamap.com\\\/es\\\/\",\"logo\":{\"@type\":\"ImageObject\",\"inLanguage\":\"es\",\"@id\":\"https:\\\/\\\/www.metamap.com\\\/es\\\/#\\\/schema\\\/logo\\\/image\\\/\",\"url\":\"https:\\\/\\\/www.metamap.com\\\/wp-content\\\/uploads\\\/2023\\\/12\\\/press_asset_logo-metamap.png\",\"contentUrl\":\"https:\\\/\\\/www.metamap.com\\\/wp-content\\\/uploads\\\/2023\\\/12\\\/press_asset_logo-metamap.png\",\"width\":404,\"height\":252,\"caption\":\"Metamap\"},\"image\":{\"@id\":\"https:\\\/\\\/www.metamap.com\\\/es\\\/#\\\/schema\\\/logo\\\/image\\\/\"},\"sameAs\":[\"https:\\\/\\\/www.facebook.com\\\/getmetamap\\\/\",\"https:\\\/\\\/x.com\\\/getmetamap\",\"https:\\\/\\\/www.instagram.com\\\/getmetamap\\\/\",\"https:\\\/\\\/www.linkedin.com\\\/company\\\/metmap\"]}]}<\/script>\n","yoast_head_json":{"title":"Pol\u00edtica y Aviso de Datos Biom\u00e9tricos &#8226; MetaMap","robots":{"index":"index","follow":"follow","max-snippet":"max-snippet:-1","max-image-preview":"max-image-preview:large","max-video-preview":"max-video-preview:-1"},"canonical":"https:\/\/www.metamap.com\/es\/politica-y-aviso-de-datos-biometricos\/","og_locale":"es_ES","og_type":"article","og_title":"Pol\u00edtica y Aviso de Datos Biom\u00e9tricos","og_description":"Pol\u00edtica y Aviso de Datos Biom\u00e9tricos 1. Prop\u00f3sito MetaMap, Inc. y sus Afiliadas (&#8220;Empresa&#8221;) han adoptado esta Pol\u00edtica y Aviso de Datos Biom\u00e9tricos (esta &#8220;Pol\u00edtica&#8221;) para regular el tratamiento de sus Datos Biom\u00e9tricos, y es aplicable a usuarios residentes en los Estados Unidos de Am\u00e9rica\u00a0(o residentes no estadounidenses cuyos datos biom\u00e9tricos sean recopilados en una [&hellip;]","og_url":"https:\/\/www.metamap.com\/es\/politica-y-aviso-de-datos-biometricos\/","og_site_name":"MetaMap","article_publisher":"https:\/\/www.facebook.com\/getmetamap\/","article_modified_time":"2025-06-10T18:12:51+00:00","og_image":[{"width":1100,"height":721,"url":"https:\/\/www.metamap.com\/ychochat\/2023\/12\/kyc_single_platform_bb.png","type":"image\/png"}],"twitter_card":"summary_large_image","twitter_site":"@getmetamap","twitter_misc":{"Tiempo de lectura":"4 minutos"},"schema":{"@context":"https:\/\/schema.org","@graph":[{"@type":"WebPage","@id":"https:\/\/www.metamap.com\/es\/politica-y-aviso-de-datos-biometricos\/","url":"https:\/\/www.metamap.com\/es\/politica-y-aviso-de-datos-biometricos\/","name":"Pol\u00edtica y Aviso de Datos Biom\u00e9tricos &#8226; MetaMap","isPartOf":{"@id":"https:\/\/www.metamap.com\/es\/#website"},"datePublished":"2025-06-10T14:59:12+00:00","dateModified":"2025-06-10T18:12:51+00:00","breadcrumb":{"@id":"https:\/\/www.metamap.com\/es\/politica-y-aviso-de-datos-biometricos\/#breadcrumb"},"inLanguage":"es","potentialAction":[{"@type":"ReadAction","target":["https:\/\/www.metamap.com\/es\/politica-y-aviso-de-datos-biometricos\/"]}]},{"@type":"BreadcrumbList","@id":"https:\/\/www.metamap.com\/es\/politica-y-aviso-de-datos-biometricos\/#breadcrumb","itemListElement":[{"@type":"ListItem","position":1,"name":"Home","item":"https:\/\/www.metamap.com\/es\/"},{"@type":"ListItem","position":2,"name":"Pol\u00edtica y Aviso de Datos Biom\u00e9tricos"}]},{"@type":"WebSite","@id":"https:\/\/www.metamap.com\/es\/#website","url":"https:\/\/www.metamap.com\/es\/","name":"MetaMap","description":"Identity Verification Platform for Global Companies","publisher":{"@id":"https:\/\/www.metamap.com\/es\/#organization"},"alternateName":"Metamap","potentialAction":[{"@type":"SearchAction","target":{"@type":"EntryPoint","urlTemplate":"https:\/\/www.metamap.com\/es\/?s={search_term_string}"},"query-input":{"@type":"PropertyValueSpecification","valueRequired":true,"valueName":"search_term_string"}}],"inLanguage":"es"},{"@type":"Organization","@id":"https:\/\/www.metamap.com\/es\/#organization","name":"Metamap","url":"https:\/\/www.metamap.com\/es\/","logo":{"@type":"ImageObject","inLanguage":"es","@id":"https:\/\/www.metamap.com\/es\/#\/schema\/logo\/image\/","url":"https:\/\/www.metamap.com\/ychochat\/2023\/12\/press_asset_logo-metamap.png","contentUrl":"https:\/\/www.metamap.com\/ychochat\/2023\/12\/press_asset_logo-metamap.png","width":404,"height":252,"caption":"Metamap"},"image":{"@id":"https:\/\/www.metamap.com\/es\/#\/schema\/logo\/image\/"},"sameAs":["https:\/\/www.facebook.com\/getmetamap\/","https:\/\/x.com\/getmetamap","https:\/\/www.instagram.com\/getmetamap\/","https:\/\/www.linkedin.com\/company\/metmap"]}]}},"_links":{"self":[{"href":"https:\/\/www.metamap.com\/es\/wp-json\/wp\/v2\/pages\/27714","targetHints":{"allow":["GET"]}}],"collection":[{"href":"https:\/\/www.metamap.com\/es\/wp-json\/wp\/v2\/pages"}],"about":[{"href":"https:\/\/www.metamap.com\/es\/wp-json\/wp\/v2\/types\/page"}],"author":[{"embeddable":true,"href":"https:\/\/www.metamap.com\/es\/wp-json\/wp\/v2\/users\/1"}],"replies":[{"embeddable":true,"href":"https:\/\/www.metamap.com\/es\/wp-json\/wp\/v2\/comments?post=27714"}],"version-history":[{"count":10,"href":"https:\/\/www.metamap.com\/es\/wp-json\/wp\/v2\/pages\/27714\/revisions"}],"predecessor-version":[{"id":27738,"href":"https:\/\/www.metamap.com\/es\/wp-json\/wp\/v2\/pages\/27714\/revisions\/27738"}],"wp:attachment":[{"href":"https:\/\/www.metamap.com\/es\/wp-json\/wp\/v2\/media?parent=27714"}],"curies":[{"name":"wp","href":"https:\/\/api.w.org\/{rel}","templated":true}]}}