{"id":11053,"date":"2024-01-04T16:31:22","date_gmt":"2024-01-04T16:31:22","guid":{"rendered":"https:\/\/betasite.metamap.com\/?page_id=11053"},"modified":"2024-01-05T22:04:44","modified_gmt":"2024-01-05T22:04:44","slug":"politica-de-cookies","status":"publish","type":"page","link":"https:\/\/www.metamap.com\/es\/politica-de-cookies\/","title":{"rendered":"Pol\u00edtica de cookies"},"content":{"rendered":"\t\t<div data-elementor-type=\"wp-page\" data-elementor-id=\"11053\" class=\"elementor elementor-11053 elementor-11048\" data-elementor-post-type=\"page\">\n\t\t\t\t<div class=\"elementor-element elementor-element-59dec89 e-flex e-con-boxed e-con e-parent\" data-id=\"59dec89\" data-element_type=\"container\" data-e-type=\"container\">\n\t\t\t\t\t<div class=\"e-con-inner\">\n\t\t\t\t<div class=\"elementor-element elementor-element-eb7da08 elementor-widget elementor-widget-heading\" data-id=\"eb7da08\" data-element_type=\"widget\" data-e-type=\"widget\" data-widget_type=\"heading.default\">\n\t\t\t\t<div class=\"elementor-widget-container\">\n\t\t\t\t\t<h1 class=\"elementor-heading-title elementor-size-default\">Pol\u00edtica de cookies<\/h1>\t\t\t\t<\/div>\n\t\t\t\t<\/div>\n\t\t\t\t<div class=\"elementor-element elementor-element-1e785af elementor-widget elementor-widget-text-editor\" data-id=\"1e785af\" data-element_type=\"widget\" data-e-type=\"widget\" data-widget_type=\"text-editor.default\">\n\t\t\t\t<div class=\"elementor-widget-container\">\n\t\t\t\t\t\t\t\t\t<div><div class=\"container container-padding-80\"><div class=\"static-content-body\"><p class=\"static-content-text\">MetaMap, Inc. (junto con sus filiales, &#8220;<strong>MetaMap<\/strong>&#8220;, &#8220;<strong>nosotros<\/strong>&#8221; o &#8220;<strong>nos&#8221;<\/strong>) opera una plataforma que ayuda a las personas a controlar su informaci\u00f3n personal y a utilizar esa informaci\u00f3n para acceder a empresas y servicios de todo el mundo, incluidos bancos, procesadores de pagos, plataformas de gigas, empresas de telecomunicaciones y empleadores que utilizan nuestros servicios como parte de su proceso de contrataci\u00f3n. Este documento pretende explicar los tipos de cookies y otras tecnolog\u00edas de seguimiento que podemos colocar en su dispositivo, ya sea cuando visita nuestro sitio web, cuando utiliza nuestra plataforma o cuando utiliza nuestra tecnolog\u00eda de cualquier otro modo.<\/p><h2 class=\"static-content-h2\">\u00bfQu\u00e9 son las cookies?<\/h2><p class=\"static-content-text\">Una cookie es un peque\u00f1o archivo que se descarga en su ordenador o dispositivo cuando visita determinados sitios web. En el sitio web de MetaMap utilizamos diferentes tipos de cookies: las estrictamente necesarias, las de rendimiento, las publicitarias y las de redes sociales o contenido. Las cookies mejoran su experiencia de navegaci\u00f3n al permitir que el sitio web recuerde sus acciones y preferencias (como el inicio de sesi\u00f3n y la selecci\u00f3n de regi\u00f3n). Esto significa que no tiene que volver a introducir esta informaci\u00f3n cada vez que regrese al sitio o navegue de una p\u00e1gina a otra. Las cookies tambi\u00e9n proporcionan informaci\u00f3n sobre el uso que hacen los usuarios del sitio web, por ejemplo, si es la primera vez que lo visitan o si lo hacen con frecuencia. Puede obtener m\u00e1s informaci\u00f3n sobre las cookies (y otras tecnolog\u00edas de seguimiento similares) y sobre el uso que hacemos de los datos recogidos a trav\u00e9s de estas tecnolog\u00edas en nuestra\u00a0<a class=\"static-content-link\" href=\"https:\/\/www.metamap.com\/privacy-policy\" target=\"_blank\" rel=\"noopener\">Pol\u00edtica Global de Privacidad.<\/a><\/p><h2 class=\"static-content-h2\">\u00bfQu\u00e9 cookies utilizamos y por qu\u00e9?<\/h2><p class=\"static-content-text\">Algunas cookies son necesarias para permitirle navegar por nuestro sitio web, utilizar sus funciones y acceder a zonas seguras. El uso de estas cookies es esencial para el funcionamiento del sitio web. Por ejemplo, utilizamos cookies de entrada de usuario durante una sesi\u00f3n para hacer un seguimiento de las entradas de un usuario al rellenar formularios que abarcan varias p\u00e1ginas.<\/p><p class=\"static-content-text\">Tambi\u00e9n utilizamos cookies funcionales para recordar las elecciones que ha hecho o la informaci\u00f3n que ha proporcionado, como su nombre de usuario, idioma o la regi\u00f3n en la que se encuentra. Esto nos permite adaptar su experiencia en el sitio web espec\u00edficamente a sus preferencias. Por ejemplo, las cookies de autenticaci\u00f3n son cookies funcionales que se utilizan mientras dura una sesi\u00f3n (o de forma persistente, si acepta la funci\u00f3n &#8220;recu\u00e9rdame&#8221;) para permitir a los usuarios autenticarse en visitas posteriores o acceder a contenido autorizado en distintas p\u00e1ginas. Las cookies funcionales que utilizamos incluyen:<\/p><ul class=\"static-content-ul\" role=\"list\"><li class=\"static-content-li\">Cookies de seguridad centradas en el usuario para detectar abusos de autenticaci\u00f3n durante un periodo de tiempo limitado, como repetidos intentos fallidos de inicio de sesi\u00f3n. Estas cookies se configuran para la tarea espec\u00edfica de aumentar la seguridad del servicio.<\/li><li class=\"static-content-li\">Las cookies de sesi\u00f3n del reproductor de contenidos multimedia (flash cookies) se utilizan durante la duraci\u00f3n de una sesi\u00f3n para almacenar datos t\u00e9cnicos necesarios para reproducir contenidos de v\u00eddeo o audio (por ejemplo, calidad de imagen, velocidad del enlace de red y par\u00e1metros de almacenamiento en b\u00fafer).<\/li><li class=\"static-content-li\">Las cookies de sesi\u00f3n del equilibrador de carga se utilizan durante toda la sesi\u00f3n para identificar el mismo servidor en el grupo, de modo que el equilibrador de carga redirija las solicitudes de los usuarios adecuadamente.<\/li><li class=\"static-content-li\">Las cookies persistentes de personalizaci\u00f3n de la interfaz de usuario se utilizan para almacenar las preferencias de un usuario en relaci\u00f3n con un servicio a trav\u00e9s de p\u00e1ginas web.<\/li><\/ul><p class=\"static-content-text\">MetaMap utiliza muchas herramientas para ayudarnos a mejorar nuestro sitio web y nuestra plataforma. Con este fin, utilizamos cookies de informes y an\u00e1lisis para recopilar informaci\u00f3n sobre c\u00f3mo utiliza nuestro sitio web o los escaparates de nuestros comerciantes, y con qu\u00e9 frecuencia. Estas cookies s\u00f3lo recopilan informaci\u00f3n con fines estad\u00edsticos y s\u00f3lo utilizan identificadores de cookies seud\u00f3nimos que no le identifican directamente. Las cookies de rendimiento que utilizamos incluyen:<\/p><ul class=\"static-content-ul\" role=\"list\"><li class=\"static-content-li\">Cookies anal\u00edticas de origen &#8211; Utilizamos estas cookies para estimar el n\u00famero de visitantes \u00fanicos, para mejorar nuestros sitios web y nuestros servicios, y para detectar las palabras m\u00e1s buscadas en los motores de b\u00fasqueda que conducen a una p\u00e1gina web. Estas cookies no se utilizan para dirigirnos a usted con marketing en l\u00ednea. Utilizamos estas cookies para conocer el rendimiento de nuestros sitios web y nuestros servicios y realizar las mejoras pertinentes para mejorar su experiencia de navegaci\u00f3n.<\/li><li class=\"static-content-li\">Cookies anal\u00edticas de terceros: tambi\u00e9n utilizamos Google Analytics y otros proveedores anal\u00edticos de terceros enumerados a continuaci\u00f3n para ayudar a medir c\u00f3mo interact\u00faan los usuarios con el contenido de nuestro sitio web. Estas cookies &#8220;recuerdan&#8221; lo que nuestros usuarios han hecho en p\u00e1ginas anteriores y c\u00f3mo han interactuado con el sitio web. Para obtener m\u00e1s informaci\u00f3n sobre Google Analytics, visite la p\u00e1gina de informaci\u00f3n de Google. Para obtener instrucciones sobre c\u00f3mo inhabilitar Google Analytics, consulte m\u00e1s abajo.<\/li><li class=\"static-content-li\">Las cookies publicitarias se utilizan en nuestro sitio web para adaptar el marketing a usted y a sus intereses y ofrecerle un servicio m\u00e1s personalizado en el futuro. Estas cookies recuerdan que usted visit\u00f3 nuestro sitio web y podemos compartir esta informaci\u00f3n con terceros, como anunciantes. Aunque estas cookies pueden rastrear las visitas de su dispositivo a nuestro sitio web y a otros sitios, normalmente no pueden identificarle personalmente. Sin estas cookies, los anuncios que vea pueden ser menos relevantes e interesantes para usted. Lea m\u00e1s sobre c\u00f3mo las empresas utilizan las cookies para realizar publicidad dirigida o reorientada\u00a0<a class=\"static-content-link\" href=\"https:\/\/thenai.org\/about-online-advertising\/what-is-it\/\">aqu\u00ed<\/a>.\u00a0<\/li><li class=\"static-content-li\">Por \u00faltimo, las cookies sociales y de contenido son colocadas por muchos plugins de redes sociales (por ejemplo, el bot\u00f3n &#8220;Me gusta&#8221; de Facebook), y otras herramientas destinadas a proporcionar o mejorar el contenido de un sitio web (por ejemplo, servicios que permiten la reproducci\u00f3n de archivos de v\u00eddeo, o que crean secciones de comentarios). Integramos estos m\u00f3dulos en nuestra plataforma para mejorar la experiencia de navegaci\u00f3n e interacci\u00f3n con nuestro sitio web. Tenga en cuenta que algunos de estos servicios de terceros colocan cookies que tambi\u00e9n se utilizan para cosas como publicidad basada en el comportamiento, an\u00e1lisis y\/o estudios de mercado.<\/li><\/ul><h2 class=\"static-content-h2\">Cookies MetaMap<\/h2><p class=\"static-content-text\">Utilizamos p\u00edxeles y etiquetas de los siguientes terceros, que a su vez pueden colocar cookies:<\/p><p class=\"static-content-text\"><strong>Cookies necesarias para el funcionamiento de los sitios web<\/strong><\/p><div class=\"w-embed\"><table class=\"table\"><thead><tr><th>Terceros<\/th><th>Descripci\u00f3n<\/th><th class=\"link-col\">Pol\u00edtica de privacidad<\/th><\/tr><\/thead><tbody><tr><td>Cloudflare<\/td><td>Utilizamos Cloudflare para el enrutamiento de borde.<\/td><td><a href=\"https:\/\/www.cloudflare.com\/privacypolicy\/\" target=\"_blank\" rel=\"noopener\">https:\/\/www.cloudflare.com\/privacypolicy\/<\/a><\/td><\/tr><\/tbody><\/table><\/div><p class=\"static-content-text\"><strong>Informes y an\u00e1lisis<\/strong><\/p><div class=\"w-embed\"><table class=\"table\"><thead><tr><th>Terceros<\/th><th>Descripci\u00f3n<\/th><th class=\"link-col\">Pol\u00edtica de privacidad<\/th><\/tr><\/thead><tbody><tr><td>Google Analytics<\/td><td>Utilizamos Google Analytics para ayudar a medir c\u00f3mo interact\u00faan los usuarios con nuestro sitio web.<\/td><td><a href=\"https:\/\/policies.google.com\/privacy\" target=\"_blank\" rel=\"noopener\">https:\/\/policies.google.com\/privacy\/<\/a><\/td><\/tr><tr><td>Google Tag Manager<\/td><td>Utilizamos Google Tag Manager para ayudar a gestionar los proveedores de an\u00e1lisis.<\/td><td><a href=\"https:\/\/policies.google.com\/privacy\" target=\"_blank\" rel=\"noopener\">https:\/\/policies.google.com\/privacy\/<\/a><\/td><\/tr><tr><td>Hotjar<\/td><td>Utilizamos Hotjar para medir c\u00f3mo interact\u00faan los usuarios con nuestros sitios web.<\/td><td><a href=\"https:\/\/www.hotjar.com\/legal\/policies\/privacy\/\" target=\"_blank\" rel=\"noopener\">https:\/\/www.hotjar.com\/legal\/policies\/privacy<\/a><\/td><\/tr><tr><td>Etiqueta LinkedIn Insight<\/td><td>Utilizamos LinkedIn Insight Tag para ayudar a medir c\u00f3mo interact\u00faan los usuarios con nuestro sitio web.<\/td><td><a href=\"https:\/\/www.linkedin.com\/legal\/privacy-policy\/\" target=\"_blank\" rel=\"noopener\">https:\/\/www.linkedin.com\/legal\/privacy-policy<\/a><\/td><\/tr><tr><td>Segmento<\/td><td>Utilizamos Segment para ayudar a medir c\u00f3mo interact\u00faan los usuarios con nuestro sitio web.<\/td><td><a href=\"https:\/\/segment.com\/legal\/privacy\/\" target=\"_blank\" rel=\"noopener\">https:\/\/segment.com\/legal\/privacy\/<\/a><\/td><\/tr><\/tbody><\/table><\/div><p class=\"static-content-text\"><strong>Publicidad<\/strong><\/p><div class=\"w-embed\"><table class=\"table\"><thead><tr><th>Terceros<\/th><th>Descripci\u00f3n<\/th><th class=\"link-col\">Pol\u00edtica de privacidad<\/th><\/tr><\/thead><tbody><tr><td>P\u00fablicos personalizados de Facebook<\/td><td>Utilizamos los p\u00fablicos personalizados de Facebook para ofrecer anuncios espec\u00edficos a las personas que visitan nuestros sitios web.<\/td><td><a href=\"https:\/\/www.facebook.com\/policy.php\/\" target=\"_blank\" rel=\"noopener\">https:\/\/www.facebook.com\/policy.php\/<\/a><\/td><\/tr><tr><td>Google<\/td><td>Utilizamos Google Ads para ofrecer anuncios dirigidos a las personas que visitan nuestro sitio web.<\/td><td><a href=\"https:\/\/policies.google.com\/privacy\" target=\"_blank\" rel=\"noopener\">https:\/\/policies.google.com\/privacy\/<\/a><\/td><\/tr><tr><td>Hubspot<\/td><td>Utilizamos Hubspot para gestionar las relaciones con nuestros clientes.<\/td><td><a href=\"https:\/\/legal.hubspot.com\/privacy-policy\/\" target=\"_blank\" rel=\"noopener\">https:\/\/legal.hubspot.com\/privacy-policy<\/a><\/td><\/tr><tr><td>Interfono<\/td><td>Utilizamos Intercom para gestionar las relaciones con nuestros clientes.<\/td><td><a href=\"https:\/\/www.intercom.com\/terms-and-policies#privacy\/\" target=\"_blank\" rel=\"noopener\">https:\/\/www.intercom.com\/terms-and-policies#privacy<\/a><\/td><\/tr><tr><td>Salesforce<\/td><td>Utilizamos Salesforce para gestionar las relaciones con nuestros clientes.<\/td><td><a href=\"https:\/\/www.salesforce.com\/company\/privacy\/full_privacy\/\" target=\"_blank\" rel=\"noopener\">https:\/\/www.salesforce.com\/company\/privacy\/full_privacy\/<\/a><\/td><\/tr><\/tbody><\/table><\/div><p class=\"static-content-text\"><strong>Redes sociales y contenidos<\/strong><\/p><div class=\"w-embed\"><table class=\"table\"><thead><tr><th>Terceros<\/th><th>Descripci\u00f3n<\/th><th class=\"link-col\">Pol\u00edtica de privacidad<\/th><\/tr><\/thead><tbody><tr><td>Facebook Connect<\/td><td>Utilizamos Facebook Connect para permitir a los visitantes de nuestro sitio web interactuar y compartir contenidos a trav\u00e9s de la plataforma de redes sociales de Facebook.<\/td><td><a href=\"https:\/\/www.facebook.com\/policy.php\/\" target=\"_blank\" rel=\"noopener\">https:\/\/www.facebook.com\/policy.php<\/a><\/td><\/tr><tr><td>Weglot<\/td><td>Utilizamos Weglot para ayudar a traducir contenidos.<\/td><td><a href=\"https:\/\/weglot.com\/privacy\/\" target=\"_blank\" rel=\"noopener\">https:\/\/weglot.com\/privacy\/<\/a><\/td><\/tr><tr><td>Wistia<\/td><td>Utilizamos Wistia para mostrar contenidos de v\u00eddeo.<\/td><td><a href=\"https:\/\/wistia.com\/privacy\/\" target=\"_blank\" rel=\"noopener\">https:\/\/wistia.com\/privacy<\/a><\/td><\/tr><\/tbody><\/table><\/div><h2 class=\"static-content-h2\">\u00bfCu\u00e1nto tiempo durar\u00e1n las cookies?<\/h2><p class=\"static-content-text\">El tiempo que una cookie permanece en su ordenador o dispositivo m\u00f3vil depende de si se trata de una cookie &#8220;persistente&#8221; o &#8220;de sesi\u00f3n&#8221;. Las cookies de sesi\u00f3n duran hasta que usted deja de navegar y las cookies persistentes duran hasta que caducan o se borran. La mayor\u00eda de las cookies que utilizamos son persistentes y expiran entre 30 minutos y dos a\u00f1os despu\u00e9s de la fecha en que se descargan en su dispositivo. Consulte la secci\u00f3n siguiente sobre c\u00f3mo controlar las cookies para obtener m\u00e1s informaci\u00f3n sobre c\u00f3mo eliminarlas antes de que caduquen.<\/p><h2 class=\"static-content-h2\">C\u00f3mo controlar las cookies<\/h2><p class=\"static-content-text\">Puede controlar y gestionar las cookies de varias maneras. Tenga en cuenta que eliminar o bloquear las cookies puede afectar negativamente a su experiencia de usuario y es posible que algunas partes de nuestro sitio web dejen de ser totalmente accesibles.<\/p><p class=\"static-content-text\">La mayor\u00eda de los navegadores aceptan autom\u00e1ticamente las cookies, pero usted puede decidir si las acepta o no a trav\u00e9s de los controles de su navegador, que a menudo se encuentran en el men\u00fa &#8220;Herramientas&#8221; o &#8220;Preferencias&#8221; de su navegador. Si desea m\u00e1s informaci\u00f3n sobre c\u00f3mo modificar la configuraci\u00f3n de su navegador o c\u00f3mo bloquear, gestionar o filtrar las cookies, puede encontrarla en el archivo de ayuda de su navegador o a trav\u00e9s de sitios como: www.allaboutcookies.org.<\/p><p class=\"static-content-text\">Muchos de los servicios de publicidad de terceros y otros servicios de rastreo enumerados anteriormente le ofrecen la posibilidad de excluirse de sus sistemas de rastreo. Puede obtener m\u00e1s informaci\u00f3n sobre la informaci\u00f3n que recopilan y c\u00f3mo excluirse a trav\u00e9s de los enlaces de pol\u00edtica de privacidad indicados anteriormente.<\/p><h2 class=\"static-content-h2\">C\u00f3mo contactarnos<\/h2><p class=\"static-content-text\">Si desea preguntar o presentar una queja sobre c\u00f3mo tratamos su informaci\u00f3n, p\u00f3ngase en contacto con nuestro responsable de protecci\u00f3n de datos en\u00a0<a class=\"static-content-link\" href=\"mailto:privacy@metamap.com\">privacy@metamap.com.<\/a><\/p><p class=\"static-content-text\">Informaci\u00f3n de contacto:<br \/>MetaMap, Inc.<br \/>2001 Gateway Pl.,<br \/>Suite 151ESan Jose,<br \/>CA 95110EE.UU.<\/p><p class=\"static-content-text\">\u00daltima actualizaci\u00f3n: 22 de febrero de 2023<\/p><\/div><\/div><\/div><footer class=\"section\"><div class=\"container container-128 footer-container\"><div class=\"top-footer\"><div class=\"top-footer__grid\">\u00a0<\/div><\/div><\/div><\/footer>\t\t\t\t\t\t\t\t<\/div>\n\t\t\t\t<\/div>\n\t\t\t\t\t<\/div>\n\t\t\t\t<\/div>\n\t\t\t\t<\/div>\n\t\t","protected":false},"excerpt":{"rendered":"<p>Pol\u00edtica de cookies MetaMap, Inc. (junto con sus filiales, &#8220;MetaMap&#8220;, &#8220;nosotros&#8221; o &#8220;nos&#8221;) opera una plataforma que ayuda a las personas a controlar su informaci\u00f3n personal y a utilizar esa informaci\u00f3n para acceder a empresas y servicios de todo el mundo, incluidos bancos, procesadores de pagos, plataformas de gigas, empresas de telecomunicaciones y empleadores que [&hellip;]<\/p>\n","protected":false},"author":1,"featured_media":0,"parent":0,"menu_order":0,"comment_status":"closed","ping_status":"closed","template":"","meta":{"footnotes":""},"class_list":["post-11053","page","type-page","status-publish","hentry"],"yoast_head":"\n<title>Pol\u00edtica de cookies &#8226; MetaMap<\/title>\n<meta name=\"description\" content=\"Conozca m\u00e1s de la pol\u00edtica de uso de cookies de MetaMap. Lea m\u00e1s sobre c\u00f3mo se usa la informaci\u00f3n de usuarios al navegar en MetaMap.\" \/>\n<meta name=\"robots\" content=\"index, follow, max-snippet:-1, max-image-preview:large, max-video-preview:-1\" \/>\n<link rel=\"canonical\" href=\"https:\/\/www.metamap.com\/es\/politica-de-cookies\/\" \/>\n<meta property=\"og:locale\" content=\"es_ES\" \/>\n<meta property=\"og:type\" content=\"article\" \/>\n<meta property=\"og:title\" content=\"Pol\u00edtica de cookies\" \/>\n<meta property=\"og:description\" content=\"Conozca m\u00e1s de la pol\u00edtica de uso de cookies de MetaMap. Lea m\u00e1s sobre c\u00f3mo se usa la informaci\u00f3n de usuarios al navegar en MetaMap.\" \/>\n<meta property=\"og:url\" content=\"https:\/\/www.metamap.com\/es\/politica-de-cookies\/\" \/>\n<meta property=\"og:site_name\" content=\"MetaMap\" \/>\n<meta property=\"article:publisher\" content=\"https:\/\/www.facebook.com\/getmetamap\/\" \/>\n<meta property=\"article:modified_time\" content=\"2024-01-05T22:04:44+00:00\" \/>\n<meta property=\"og:image\" content=\"https:\/\/www.metamap.com\/ychochat\/2023\/12\/kyc_single_platform_bb.png\" \/>\n\t<meta property=\"og:image:width\" content=\"1100\" \/>\n\t<meta property=\"og:image:height\" content=\"721\" \/>\n\t<meta property=\"og:image:type\" content=\"image\/png\" \/>\n<meta name=\"twitter:card\" content=\"summary_large_image\" \/>\n<meta name=\"twitter:site\" content=\"@getmetamap\" \/>\n<meta name=\"twitter:label1\" content=\"Tiempo de lectura\" \/>\n\t<meta name=\"twitter:data1\" content=\"8 minutos\" \/>\n<script type=\"application\/ld+json\" class=\"yoast-schema-graph\">{\"@context\":\"https:\\\/\\\/schema.org\",\"@graph\":[{\"@type\":\"WebPage\",\"@id\":\"https:\\\/\\\/www.metamap.com\\\/es\\\/politica-de-cookies\\\/\",\"url\":\"https:\\\/\\\/www.metamap.com\\\/es\\\/politica-de-cookies\\\/\",\"name\":\"Pol\u00edtica de cookies &#8226; MetaMap\",\"isPartOf\":{\"@id\":\"https:\\\/\\\/www.metamap.com\\\/es\\\/#website\"},\"datePublished\":\"2024-01-04T16:31:22+00:00\",\"dateModified\":\"2024-01-05T22:04:44+00:00\",\"description\":\"Conozca m\u00e1s de la pol\u00edtica de uso de cookies de MetaMap. Lea m\u00e1s sobre c\u00f3mo se usa la informaci\u00f3n de usuarios al navegar en MetaMap.\",\"breadcrumb\":{\"@id\":\"https:\\\/\\\/www.metamap.com\\\/es\\\/politica-de-cookies\\\/#breadcrumb\"},\"inLanguage\":\"es\",\"potentialAction\":[{\"@type\":\"ReadAction\",\"target\":[\"https:\\\/\\\/www.metamap.com\\\/es\\\/politica-de-cookies\\\/\"]}]},{\"@type\":\"BreadcrumbList\",\"@id\":\"https:\\\/\\\/www.metamap.com\\\/es\\\/politica-de-cookies\\\/#breadcrumb\",\"itemListElement\":[{\"@type\":\"ListItem\",\"position\":1,\"name\":\"Home\",\"item\":\"https:\\\/\\\/www.metamap.com\\\/es\\\/\"},{\"@type\":\"ListItem\",\"position\":2,\"name\":\"Pol\u00edtica de cookies\"}]},{\"@type\":\"WebSite\",\"@id\":\"https:\\\/\\\/www.metamap.com\\\/es\\\/#website\",\"url\":\"https:\\\/\\\/www.metamap.com\\\/es\\\/\",\"name\":\"MetaMap\",\"description\":\"Identity Verification Platform for Global Companies\",\"publisher\":{\"@id\":\"https:\\\/\\\/www.metamap.com\\\/es\\\/#organization\"},\"alternateName\":\"Metamap\",\"potentialAction\":[{\"@type\":\"SearchAction\",\"target\":{\"@type\":\"EntryPoint\",\"urlTemplate\":\"https:\\\/\\\/www.metamap.com\\\/es\\\/?s={search_term_string}\"},\"query-input\":{\"@type\":\"PropertyValueSpecification\",\"valueRequired\":true,\"valueName\":\"search_term_string\"}}],\"inLanguage\":\"es\"},{\"@type\":\"Organization\",\"@id\":\"https:\\\/\\\/www.metamap.com\\\/es\\\/#organization\",\"name\":\"Metamap\",\"url\":\"https:\\\/\\\/www.metamap.com\\\/es\\\/\",\"logo\":{\"@type\":\"ImageObject\",\"inLanguage\":\"es\",\"@id\":\"https:\\\/\\\/www.metamap.com\\\/es\\\/#\\\/schema\\\/logo\\\/image\\\/\",\"url\":\"https:\\\/\\\/www.metamap.com\\\/wp-content\\\/uploads\\\/2023\\\/12\\\/press_asset_logo-metamap.png\",\"contentUrl\":\"https:\\\/\\\/www.metamap.com\\\/wp-content\\\/uploads\\\/2023\\\/12\\\/press_asset_logo-metamap.png\",\"width\":404,\"height\":252,\"caption\":\"Metamap\"},\"image\":{\"@id\":\"https:\\\/\\\/www.metamap.com\\\/es\\\/#\\\/schema\\\/logo\\\/image\\\/\"},\"sameAs\":[\"https:\\\/\\\/www.facebook.com\\\/getmetamap\\\/\",\"https:\\\/\\\/x.com\\\/getmetamap\",\"https:\\\/\\\/www.instagram.com\\\/getmetamap\\\/\",\"https:\\\/\\\/www.linkedin.com\\\/company\\\/metmap\"]}]}<\/script>\n","yoast_head_json":{"title":"Pol\u00edtica de cookies &#8226; MetaMap","description":"Conozca m\u00e1s de la pol\u00edtica de uso de cookies de MetaMap. Lea m\u00e1s sobre c\u00f3mo se usa la informaci\u00f3n de usuarios al navegar en MetaMap.","robots":{"index":"index","follow":"follow","max-snippet":"max-snippet:-1","max-image-preview":"max-image-preview:large","max-video-preview":"max-video-preview:-1"},"canonical":"https:\/\/www.metamap.com\/es\/politica-de-cookies\/","og_locale":"es_ES","og_type":"article","og_title":"Pol\u00edtica de cookies","og_description":"Conozca m\u00e1s de la pol\u00edtica de uso de cookies de MetaMap. Lea m\u00e1s sobre c\u00f3mo se usa la informaci\u00f3n de usuarios al navegar en MetaMap.","og_url":"https:\/\/www.metamap.com\/es\/politica-de-cookies\/","og_site_name":"MetaMap","article_publisher":"https:\/\/www.facebook.com\/getmetamap\/","article_modified_time":"2024-01-05T22:04:44+00:00","og_image":[{"width":1100,"height":721,"url":"https:\/\/www.metamap.com\/ychochat\/2023\/12\/kyc_single_platform_bb.png","type":"image\/png"}],"twitter_card":"summary_large_image","twitter_site":"@getmetamap","twitter_misc":{"Tiempo de lectura":"8 minutos"},"schema":{"@context":"https:\/\/schema.org","@graph":[{"@type":"WebPage","@id":"https:\/\/www.metamap.com\/es\/politica-de-cookies\/","url":"https:\/\/www.metamap.com\/es\/politica-de-cookies\/","name":"Pol\u00edtica de cookies &#8226; MetaMap","isPartOf":{"@id":"https:\/\/www.metamap.com\/es\/#website"},"datePublished":"2024-01-04T16:31:22+00:00","dateModified":"2024-01-05T22:04:44+00:00","description":"Conozca m\u00e1s de la pol\u00edtica de uso de cookies de MetaMap. Lea m\u00e1s sobre c\u00f3mo se usa la informaci\u00f3n de usuarios al navegar en MetaMap.","breadcrumb":{"@id":"https:\/\/www.metamap.com\/es\/politica-de-cookies\/#breadcrumb"},"inLanguage":"es","potentialAction":[{"@type":"ReadAction","target":["https:\/\/www.metamap.com\/es\/politica-de-cookies\/"]}]},{"@type":"BreadcrumbList","@id":"https:\/\/www.metamap.com\/es\/politica-de-cookies\/#breadcrumb","itemListElement":[{"@type":"ListItem","position":1,"name":"Home","item":"https:\/\/www.metamap.com\/es\/"},{"@type":"ListItem","position":2,"name":"Pol\u00edtica de cookies"}]},{"@type":"WebSite","@id":"https:\/\/www.metamap.com\/es\/#website","url":"https:\/\/www.metamap.com\/es\/","name":"MetaMap","description":"Identity Verification Platform for Global Companies","publisher":{"@id":"https:\/\/www.metamap.com\/es\/#organization"},"alternateName":"Metamap","potentialAction":[{"@type":"SearchAction","target":{"@type":"EntryPoint","urlTemplate":"https:\/\/www.metamap.com\/es\/?s={search_term_string}"},"query-input":{"@type":"PropertyValueSpecification","valueRequired":true,"valueName":"search_term_string"}}],"inLanguage":"es"},{"@type":"Organization","@id":"https:\/\/www.metamap.com\/es\/#organization","name":"Metamap","url":"https:\/\/www.metamap.com\/es\/","logo":{"@type":"ImageObject","inLanguage":"es","@id":"https:\/\/www.metamap.com\/es\/#\/schema\/logo\/image\/","url":"https:\/\/www.metamap.com\/ychochat\/2023\/12\/press_asset_logo-metamap.png","contentUrl":"https:\/\/www.metamap.com\/ychochat\/2023\/12\/press_asset_logo-metamap.png","width":404,"height":252,"caption":"Metamap"},"image":{"@id":"https:\/\/www.metamap.com\/es\/#\/schema\/logo\/image\/"},"sameAs":["https:\/\/www.facebook.com\/getmetamap\/","https:\/\/x.com\/getmetamap","https:\/\/www.instagram.com\/getmetamap\/","https:\/\/www.linkedin.com\/company\/metmap"]}]}},"_links":{"self":[{"href":"https:\/\/www.metamap.com\/es\/wp-json\/wp\/v2\/pages\/11053","targetHints":{"allow":["GET"]}}],"collection":[{"href":"https:\/\/www.metamap.com\/es\/wp-json\/wp\/v2\/pages"}],"about":[{"href":"https:\/\/www.metamap.com\/es\/wp-json\/wp\/v2\/types\/page"}],"author":[{"embeddable":true,"href":"https:\/\/www.metamap.com\/es\/wp-json\/wp\/v2\/users\/1"}],"replies":[{"embeddable":true,"href":"https:\/\/www.metamap.com\/es\/wp-json\/wp\/v2\/comments?post=11053"}],"version-history":[{"count":8,"href":"https:\/\/www.metamap.com\/es\/wp-json\/wp\/v2\/pages\/11053\/revisions"}],"predecessor-version":[{"id":11502,"href":"https:\/\/www.metamap.com\/es\/wp-json\/wp\/v2\/pages\/11053\/revisions\/11502"}],"wp:attachment":[{"href":"https:\/\/www.metamap.com\/es\/wp-json\/wp\/v2\/media?parent=11053"}],"curies":[{"name":"wp","href":"https:\/\/api.w.org\/{rel}","templated":true}]}}