{"id":11012,"date":"2023-09-05T20:38:05","date_gmt":"2023-09-05T20:38:05","guid":{"rendered":"https:\/\/betasite.metamap.com\/?page_id=11012"},"modified":"2024-01-05T22:04:29","modified_gmt":"2024-01-05T22:04:29","slug":"politica-de-privacidad-global","status":"publish","type":"page","link":"https:\/\/www.metamap.com\/es\/politica-de-privacidad-global\/","title":{"rendered":"Pol\u00edtica de Privacidad Global"},"content":{"rendered":"\t\t<div data-elementor-type=\"wp-page\" data-elementor-id=\"11012\" class=\"elementor elementor-11012 elementor-3\" data-elementor-post-type=\"page\">\n\t\t\t\t<div class=\"elementor-element elementor-element-36c5704 e-flex e-con-boxed e-con e-parent\" data-id=\"36c5704\" data-element_type=\"container\" data-e-type=\"container\">\n\t\t\t\t\t<div class=\"e-con-inner\">\n\t\t\t\t<div class=\"elementor-element elementor-element-e1cd5f8 elementor-widget elementor-widget-heading\" data-id=\"e1cd5f8\" data-element_type=\"widget\" data-e-type=\"widget\" data-widget_type=\"heading.default\">\n\t\t\t\t<div class=\"elementor-widget-container\">\n\t\t\t\t\t<h1 class=\"elementor-heading-title elementor-size-default\">Pol\u00edtica de Privacidad Global\n<\/h1>\t\t\t\t<\/div>\n\t\t\t\t<\/div>\n\t\t\t\t<div class=\"elementor-element elementor-element-dd4e17d elementor-widget elementor-widget-text-editor\" data-id=\"dd4e17d\" data-element_type=\"widget\" data-e-type=\"widget\" data-widget_type=\"text-editor.default\">\n\t\t\t\t<div class=\"elementor-widget-container\">\n\t\t\t\t\t\t\t\t\t<p class=\"static-content-text\">MetaMap, Inc. (junto con sus filiales, &#8220;<strong>MetaMap<\/strong>&#8220;, &#8220;<strong>nosotros<\/strong>&#8221; o &#8220;<strong>nos&#8221;<\/strong>) opera una plataforma que ayuda a las personas a controlar su informaci\u00f3n personal y a utilizarla para acceder a empresas y servicios de todo el mundo, incluidos bancos, procesadores de pagos, plataformas de gigas, empresas de telecomunicaciones y empleadores que utilizan nuestros servicios como parte de su proceso de contrataci\u00f3n. La transparencia es importante para nosotros, por lo que es importante que las empresas que utilizan nuestra plataforma, o las personas que visitan nuestro sitio web o se comunican con nosotros de otro modo, entiendan c\u00f3mo nuestra plataforma y nuestro sitio web procesan la informaci\u00f3n personal.\u00a0\u00a0<\/p><p class=\"static-content-text\">Esta Pol\u00edtica Global de Privacidad explica c\u00f3mo MetaMap recopila, maneja y comparte informaci\u00f3n personal fuera de su Plataforma &#8211; por ejemplo, cuando se relaciona con sus clientes comerciales, en su sitio web, y cuando realiza ventas y marketing. Si usted es un usuario final que ha proporcionado datos que MetaMap ha procesado, debe revisar nuestra Pol\u00edtica de Privacidad de la Plataforma, que explica espec\u00edficamente c\u00f3mo recopilamos y procesamos su informaci\u00f3n personal, as\u00ed como los derechos que tiene sobre su informaci\u00f3n.<\/p><h2 class=\"static-content-h2\">Qu\u00e9 informaci\u00f3n recopilamos y por qu\u00e9<\/h2><p class=\"static-content-text\">Los Servicios de MetaMap recopilan la siguiente informaci\u00f3n personal sobre clientes comerciales, clientes potenciales o personas que visitan nuestro sitio web:<\/p><ul class=\"static-content-ul\" role=\"list\"><li class=\"static-content-li\">Informaci\u00f3n de contacto como su nombre, direcci\u00f3n, direcci\u00f3n de correo electr\u00f3nico, n\u00fameros de tel\u00e9fono, etc.<\/li><li class=\"static-content-li\">Documentos de identidad y n\u00fameros de identificaci\u00f3n oficiales, u otros documentos (como facturas de servicios p\u00fablicos) que podamos necesitar para cumplir con nuestras obligaciones; y<\/li><li class=\"static-content-li\">Informaci\u00f3n del dispositivo, como informaci\u00f3n sobre su dispositivo m\u00f3vil, ordenador, navegador, su direcci\u00f3n IP, su ubicaci\u00f3n exacta e informaci\u00f3n asociada a las cookies almacenadas en su dispositivo<\/li><\/ul><p class=\"static-content-text\">Utilizamos esta informaci\u00f3n a petici\u00f3n suya para prestarle nuestros servicios (por ejemplo, para gestionar sus cuentas, responder a sus solicitudes, prestarle servicio de atenci\u00f3n al cliente o ayudarle a solucionar problemas con su cuenta). Adem\u00e1s, utilizamos esta informaci\u00f3n para llevar a cabo actividades de ventas y marketing, como informarle sobre nuevos productos o funciones de nuestra plataforma. Por \u00faltimo, podemos utilizar esta informaci\u00f3n (cuando est\u00e9 permitido):<\/p><ul class=\"static-content-ul\" role=\"list\"><li class=\"static-content-li\">Para cumplir nuestros requisitos legales;<\/li><li class=\"static-content-li\">Para investigar o prevenir sospechas de fraude, amenazas de da\u00f1o o conductas delictivas, o violaciones de nuestros contratos o pol\u00edticas;<\/li><li class=\"static-content-li\">Prestar asistencia al cliente o responder a sus preguntas;<\/li><li class=\"static-content-li\">Para mejorar nuestros productos y servicios, incluyendo el desarrollo y prueba de nuevos productos o caracter\u00edsticas; y<\/li><li class=\"static-content-li\">Para proporcionar informes y an\u00e1lisis.<\/li><\/ul><h2 class=\"static-content-h2\">Cu\u00e1ndo y por qu\u00e9 compartimos informaci\u00f3n personal<\/h2><p class=\"static-content-text\">Dado que operamos una plataforma global compleja, compartimos su informaci\u00f3n con proveedores de servicios que nos ayudan a ofrecer nuestra plataforma (por ejemplo, los proveedores de alojamiento web que utilizamos). Cuando compartimos su informaci\u00f3n de este modo, lo hacemos en virtud de un contrato con el proveedor de servicios.<\/p><p class=\"static-content-text\">Adem\u00e1s, podemos compartir su informaci\u00f3n:<\/p><ul class=\"static-content-ul\" role=\"list\"><li class=\"static-content-li\">para investigar o prevenir sospechas de fraude, amenazas de da\u00f1os o conductas delictivas, o violaciones de nuestros contratos o pol\u00edticas;<\/li><li class=\"static-content-li\">para ayudarnos a realizar actividades de marketing y publicidad<\/li><li class=\"static-content-li\">para cumplir con los requisitos legales, o para responder a las \u00f3rdenes judiciales u otras demandas gubernamentales o legales similares; o<\/li><li class=\"static-content-li\">si nos fusionamos con otra empresa o somos adquiridos por ella<\/li><\/ul><h2 class=\"static-content-h2\">D\u00f3nde enviamos la informaci\u00f3n personal<\/h2><p class=\"static-content-text\">Prestamos nuestros servicios a clientes y particulares de todo el mundo. Por ello, a menudo necesitamos transferir sus datos fuera de su estado o pa\u00eds, incluso a Estados Unidos. Estos datos pueden estar sujetos a las leyes de los pa\u00edses a los que los enviamos. Cuando enviamos su informaci\u00f3n a otros pa\u00edses, tomamos medidas para protegerla e intentamos enviarla s\u00f3lo a pa\u00edses con leyes de protecci\u00f3n de datos relativamente estrictas.<\/p><h2 class=\"static-content-h2\">C\u00f3mo protegemos la informaci\u00f3n personal<\/h2><p class=\"static-content-text\">Nos tomamos muy en serio la seguridad de nuestra plataforma y hacemos todo lo posible para intentar proteger su informaci\u00f3n. Sin embargo, siempre hay alg\u00fan riesgo asociado a cualquier tecnolog\u00eda que transmita o almacene informaci\u00f3n electr\u00f3nica a trav\u00e9s de Internet. Esto significa que no podemos garantizar la seguridad absoluta de su informaci\u00f3n, aunque hagamos todo lo posible por protegerla.<\/p><h2 class=\"static-content-h2\">C\u00f3mo utilizamos \u201cCookies\u201d y otras tecnolog\u00edas espec\u00edficas\u00a0<\/h2><p class=\"static-content-text\">Como la mayor\u00eda de los servicios en l\u00ednea, utilizamos &#8220;<a class=\"static-content-link\" href=\"https:\/\/www.allaboutcookies.org\/cookies\/\">cookies&#8221;<\/a>y otras tecnolog\u00edas que recogen informaci\u00f3n sobre usted cuando utiliza nuestros servicios. Puede obtener m\u00e1s informaci\u00f3n sobre las cookies que utilizamos en nuestro sitio web, las cookies que utilizamos para proporcionar nuestro software y servicios, y una explicaci\u00f3n de c\u00f3mo puede optar por no recibir algunas de estas cookies, en nuestra\u00a0<a class=\"static-content-link\" href=\"https:\/\/www.metamap.com\/cookie-policy\" target=\"_blank\" rel=\"noopener\">Pol\u00edtica de cookies<\/a>.<\/p><h2 class=\"static-content-h2\">Derechos del interesado sobre sus datos personales<\/h2><p class=\"static-content-text\">Es posible que se encuentre en alg\u00fan lugar que le ofrezca derechos legales espec\u00edficos sobre su informaci\u00f3n. Sin embargo, independientemente de d\u00f3nde se encuentre, creemos que debe tener derecho a acceder a su informaci\u00f3n y controlarla. Cuando se nos permita hacerlo, atenderemos sus solicitudes de acceso, eliminaci\u00f3n o correcci\u00f3n de su informaci\u00f3n personal, y no le penalizaremos ni discriminaremos por hacerlo. Para realizar dicha solicitud, env\u00edenos un correo electr\u00f3nico a\u00a0<a class=\"static-content-link\" href=\"mailto:privacy@metamap.com\">privacy@metamap.com.<\/a>\u00a0\u00a0<\/p><p class=\"static-content-text\">Aunque nos gustar\u00eda extender estos derechos a todo el mundo, hay algunas situaciones en las que nos est\u00e1 legalmente prohibido hacerlo. Concretamente, cuando tratamos su informaci\u00f3n \u00fanicamente en nombre de nuestros clientes, a veces lo hacemos como &#8220;encargados del tratamiento de datos&#8221; para ellos, lo que significa que no tenemos derecho legal a responder a sus solicitudes. En tales situaciones, le comunicaremos que no podemos ayudarle e intentaremos (en la medida de lo posible) dirigir su solicitud a los clientes correspondientes.<\/p><p class=\"static-content-text\">\u00a0\u00a0Tambi\u00e9n explicamos d\u00f3nde puede tener derechos legales adicionales espec\u00edficos m\u00e1s abajo, en la secci\u00f3n titulada &#8220;Informaci\u00f3n adicional para regiones espec\u00edficas&#8221;.<\/p><h2 class=\"static-content-h2\">Informaci\u00f3n adicional para regiones espec\u00edficas<\/h2><p class=\"static-content-text\">Algunos pa\u00edses exigen una &#8220;base jur\u00eddica&#8221; para el tratamiento de sus datos personales. Principalmente procesamos su informaci\u00f3n personal para cumplir nuestras obligaciones contractuales con usted, o de otro modo bajo su direcci\u00f3n y con su consentimiento. Cuando no tratamos sus datos personales siguiendo sus instrucciones expresas, generalmente lo hacemos bas\u00e1ndonos en nuestros intereses comerciales leg\u00edtimos, entre los que se incluyen:<\/p><ul class=\"static-content-ul\" role=\"list\"><li class=\"static-content-li\">Mejorar nuestros productos o servicios;<\/li><li class=\"static-content-li\">Llevar a cabo esfuerzos de marketing; y<\/li><li class=\"static-content-li\">si nos fusionamos con otra empresa o somos adquiridos por ella<\/li><\/ul><h2 class=\"static-content-h2\">Cambios en esta pol\u00edtica de privacidad<\/h2><p class=\"static-content-text\">Esta Pol\u00edtica Global de Privacidad explica nuestras normas actuales sobre c\u00f3mo protegemos sus datos personales. Como ocurre con cualquier plataforma, es posible que ocasionalmente tengamos que introducir cambios en nuestras pr\u00e1cticas de protecci\u00f3n de datos, por lo que puede consultar este documento en cualquier momento para conocer nuestras pr\u00e1cticas actuales.<\/p><h2 class=\"static-content-h2\">C\u00f3mo contactarnos<\/h2><p class=\"static-content-text\">Si desea preguntar o presentar una queja sobre c\u00f3mo tratamos su informaci\u00f3n, p\u00f3ngase en contacto con nuestro responsable de protecci\u00f3n de datos en\u00a0<a class=\"static-content-link\" href=\"mailto:privacy@metamap.com\">privacy@metamap.com.<\/a><\/p><p class=\"static-content-text\">Informaci\u00f3n de contacto:<br \/>MetaMap, Inc.<br \/>2001 Gateway Pl.,<br \/>Suite 151ESan Jose,<br \/>CA 95110EE.UU.<\/p><p class=\"static-content-text\">Versiones traducidas:<br \/><br \/><a class=\"static-content-link weglot-link weglot-link-br\" href=\"https:\/\/www.metamap.com\/privacy-policy#\" data-wg-notranslate=\"\">Portugu\u00e9s<\/a><\/p><p class=\"static-content-text\">\u00daltima actualizaci\u00f3n: 22 de febrero de 2023<\/p>\t\t\t\t\t\t\t\t<\/div>\n\t\t\t\t<\/div>\n\t\t\t\t\t<\/div>\n\t\t\t\t<\/div>\n\t\t\t\t<\/div>\n\t\t","protected":false},"excerpt":{"rendered":"<p>Pol\u00edtica de Privacidad Global MetaMap, Inc. (junto con sus filiales, &#8220;MetaMap&#8220;, &#8220;nosotros&#8221; o &#8220;nos&#8221;) opera una plataforma que ayuda a las personas a controlar su informaci\u00f3n personal y a utilizarla para acceder a empresas y servicios de todo el mundo, incluidos bancos, procesadores de pagos, plataformas de gigas, empresas de telecomunicaciones y empleadores que utilizan [&hellip;]<\/p>\n","protected":false},"author":1,"featured_media":0,"parent":0,"menu_order":0,"comment_status":"closed","ping_status":"open","template":"","meta":{"footnotes":""},"class_list":["post-11012","page","type-page","status-publish","hentry"],"yoast_head":"\n<title>Pol\u00edtica de Privacidad Global &#8226; MetaMap<\/title>\n<meta name=\"description\" content=\"Pol\u00edtica de privacidad global. Descubra c\u00f3mo MetaMap recolecta, maneja y comparte informaci\u00f3n personal al navegar en nuestro sitio.\" \/>\n<meta name=\"robots\" content=\"index, follow, max-snippet:-1, max-image-preview:large, max-video-preview:-1\" \/>\n<link rel=\"canonical\" href=\"https:\/\/www.metamap.com\/es\/politica-de-privacidad-global\/\" \/>\n<meta property=\"og:locale\" content=\"es_ES\" \/>\n<meta property=\"og:type\" content=\"article\" \/>\n<meta property=\"og:title\" content=\"Pol\u00edtica de Privacidad Global\" \/>\n<meta property=\"og:description\" content=\"Pol\u00edtica de privacidad global. Descubra c\u00f3mo MetaMap recolecta, maneja y comparte informaci\u00f3n personal al navegar en nuestro sitio.\" \/>\n<meta property=\"og:url\" content=\"https:\/\/www.metamap.com\/es\/politica-de-privacidad-global\/\" \/>\n<meta property=\"og:site_name\" content=\"MetaMap\" \/>\n<meta property=\"article:publisher\" content=\"https:\/\/www.facebook.com\/getmetamap\/\" \/>\n<meta property=\"article:modified_time\" content=\"2024-01-05T22:04:29+00:00\" \/>\n<meta property=\"og:image\" content=\"https:\/\/www.metamap.com\/ychochat\/2023\/12\/kyc_single_platform_bb.png\" \/>\n\t<meta property=\"og:image:width\" content=\"1100\" \/>\n\t<meta property=\"og:image:height\" content=\"721\" \/>\n\t<meta property=\"og:image:type\" content=\"image\/png\" \/>\n<meta name=\"twitter:card\" content=\"summary_large_image\" \/>\n<meta name=\"twitter:site\" content=\"@getmetamap\" \/>\n<meta name=\"twitter:label1\" content=\"Tiempo de lectura\" \/>\n\t<meta name=\"twitter:data1\" content=\"6 minutos\" \/>\n<script type=\"application\/ld+json\" class=\"yoast-schema-graph\">{\"@context\":\"https:\\\/\\\/schema.org\",\"@graph\":[{\"@type\":\"WebPage\",\"@id\":\"https:\\\/\\\/www.metamap.com\\\/es\\\/politica-de-privacidad-global\\\/\",\"url\":\"https:\\\/\\\/www.metamap.com\\\/es\\\/politica-de-privacidad-global\\\/\",\"name\":\"Pol\u00edtica de Privacidad Global &#8226; MetaMap\",\"isPartOf\":{\"@id\":\"https:\\\/\\\/www.metamap.com\\\/es\\\/#website\"},\"datePublished\":\"2023-09-05T20:38:05+00:00\",\"dateModified\":\"2024-01-05T22:04:29+00:00\",\"description\":\"Pol\u00edtica de privacidad global. Descubra c\u00f3mo MetaMap recolecta, maneja y comparte informaci\u00f3n personal al navegar en nuestro sitio.\",\"breadcrumb\":{\"@id\":\"https:\\\/\\\/www.metamap.com\\\/es\\\/politica-de-privacidad-global\\\/#breadcrumb\"},\"inLanguage\":\"es\",\"potentialAction\":[{\"@type\":\"ReadAction\",\"target\":[\"https:\\\/\\\/www.metamap.com\\\/es\\\/politica-de-privacidad-global\\\/\"]}]},{\"@type\":\"BreadcrumbList\",\"@id\":\"https:\\\/\\\/www.metamap.com\\\/es\\\/politica-de-privacidad-global\\\/#breadcrumb\",\"itemListElement\":[{\"@type\":\"ListItem\",\"position\":1,\"name\":\"Home\",\"item\":\"https:\\\/\\\/www.metamap.com\\\/es\\\/\"},{\"@type\":\"ListItem\",\"position\":2,\"name\":\"Pol\u00edtica de Privacidad Global\"}]},{\"@type\":\"WebSite\",\"@id\":\"https:\\\/\\\/www.metamap.com\\\/es\\\/#website\",\"url\":\"https:\\\/\\\/www.metamap.com\\\/es\\\/\",\"name\":\"MetaMap\",\"description\":\"Identity Verification Platform for Global Companies\",\"publisher\":{\"@id\":\"https:\\\/\\\/www.metamap.com\\\/es\\\/#organization\"},\"alternateName\":\"Metamap\",\"potentialAction\":[{\"@type\":\"SearchAction\",\"target\":{\"@type\":\"EntryPoint\",\"urlTemplate\":\"https:\\\/\\\/www.metamap.com\\\/es\\\/?s={search_term_string}\"},\"query-input\":{\"@type\":\"PropertyValueSpecification\",\"valueRequired\":true,\"valueName\":\"search_term_string\"}}],\"inLanguage\":\"es\"},{\"@type\":\"Organization\",\"@id\":\"https:\\\/\\\/www.metamap.com\\\/es\\\/#organization\",\"name\":\"Metamap\",\"url\":\"https:\\\/\\\/www.metamap.com\\\/es\\\/\",\"logo\":{\"@type\":\"ImageObject\",\"inLanguage\":\"es\",\"@id\":\"https:\\\/\\\/www.metamap.com\\\/es\\\/#\\\/schema\\\/logo\\\/image\\\/\",\"url\":\"https:\\\/\\\/www.metamap.com\\\/wp-content\\\/uploads\\\/2023\\\/12\\\/press_asset_logo-metamap.png\",\"contentUrl\":\"https:\\\/\\\/www.metamap.com\\\/wp-content\\\/uploads\\\/2023\\\/12\\\/press_asset_logo-metamap.png\",\"width\":404,\"height\":252,\"caption\":\"Metamap\"},\"image\":{\"@id\":\"https:\\\/\\\/www.metamap.com\\\/es\\\/#\\\/schema\\\/logo\\\/image\\\/\"},\"sameAs\":[\"https:\\\/\\\/www.facebook.com\\\/getmetamap\\\/\",\"https:\\\/\\\/x.com\\\/getmetamap\",\"https:\\\/\\\/www.instagram.com\\\/getmetamap\\\/\",\"https:\\\/\\\/www.linkedin.com\\\/company\\\/metmap\"]}]}<\/script>\n","yoast_head_json":{"title":"Pol\u00edtica de Privacidad Global &#8226; MetaMap","description":"Pol\u00edtica de privacidad global. Descubra c\u00f3mo MetaMap recolecta, maneja y comparte informaci\u00f3n personal al navegar en nuestro sitio.","robots":{"index":"index","follow":"follow","max-snippet":"max-snippet:-1","max-image-preview":"max-image-preview:large","max-video-preview":"max-video-preview:-1"},"canonical":"https:\/\/www.metamap.com\/es\/politica-de-privacidad-global\/","og_locale":"es_ES","og_type":"article","og_title":"Pol\u00edtica de Privacidad Global","og_description":"Pol\u00edtica de privacidad global. Descubra c\u00f3mo MetaMap recolecta, maneja y comparte informaci\u00f3n personal al navegar en nuestro sitio.","og_url":"https:\/\/www.metamap.com\/es\/politica-de-privacidad-global\/","og_site_name":"MetaMap","article_publisher":"https:\/\/www.facebook.com\/getmetamap\/","article_modified_time":"2024-01-05T22:04:29+00:00","og_image":[{"width":1100,"height":721,"url":"https:\/\/www.metamap.com\/ychochat\/2023\/12\/kyc_single_platform_bb.png","type":"image\/png"}],"twitter_card":"summary_large_image","twitter_site":"@getmetamap","twitter_misc":{"Tiempo de lectura":"6 minutos"},"schema":{"@context":"https:\/\/schema.org","@graph":[{"@type":"WebPage","@id":"https:\/\/www.metamap.com\/es\/politica-de-privacidad-global\/","url":"https:\/\/www.metamap.com\/es\/politica-de-privacidad-global\/","name":"Pol\u00edtica de Privacidad Global &#8226; MetaMap","isPartOf":{"@id":"https:\/\/www.metamap.com\/es\/#website"},"datePublished":"2023-09-05T20:38:05+00:00","dateModified":"2024-01-05T22:04:29+00:00","description":"Pol\u00edtica de privacidad global. Descubra c\u00f3mo MetaMap recolecta, maneja y comparte informaci\u00f3n personal al navegar en nuestro sitio.","breadcrumb":{"@id":"https:\/\/www.metamap.com\/es\/politica-de-privacidad-global\/#breadcrumb"},"inLanguage":"es","potentialAction":[{"@type":"ReadAction","target":["https:\/\/www.metamap.com\/es\/politica-de-privacidad-global\/"]}]},{"@type":"BreadcrumbList","@id":"https:\/\/www.metamap.com\/es\/politica-de-privacidad-global\/#breadcrumb","itemListElement":[{"@type":"ListItem","position":1,"name":"Home","item":"https:\/\/www.metamap.com\/es\/"},{"@type":"ListItem","position":2,"name":"Pol\u00edtica de Privacidad Global"}]},{"@type":"WebSite","@id":"https:\/\/www.metamap.com\/es\/#website","url":"https:\/\/www.metamap.com\/es\/","name":"MetaMap","description":"Identity Verification Platform for Global Companies","publisher":{"@id":"https:\/\/www.metamap.com\/es\/#organization"},"alternateName":"Metamap","potentialAction":[{"@type":"SearchAction","target":{"@type":"EntryPoint","urlTemplate":"https:\/\/www.metamap.com\/es\/?s={search_term_string}"},"query-input":{"@type":"PropertyValueSpecification","valueRequired":true,"valueName":"search_term_string"}}],"inLanguage":"es"},{"@type":"Organization","@id":"https:\/\/www.metamap.com\/es\/#organization","name":"Metamap","url":"https:\/\/www.metamap.com\/es\/","logo":{"@type":"ImageObject","inLanguage":"es","@id":"https:\/\/www.metamap.com\/es\/#\/schema\/logo\/image\/","url":"https:\/\/www.metamap.com\/ychochat\/2023\/12\/press_asset_logo-metamap.png","contentUrl":"https:\/\/www.metamap.com\/ychochat\/2023\/12\/press_asset_logo-metamap.png","width":404,"height":252,"caption":"Metamap"},"image":{"@id":"https:\/\/www.metamap.com\/es\/#\/schema\/logo\/image\/"},"sameAs":["https:\/\/www.facebook.com\/getmetamap\/","https:\/\/x.com\/getmetamap","https:\/\/www.instagram.com\/getmetamap\/","https:\/\/www.linkedin.com\/company\/metmap"]}]}},"_links":{"self":[{"href":"https:\/\/www.metamap.com\/es\/wp-json\/wp\/v2\/pages\/11012","targetHints":{"allow":["GET"]}}],"collection":[{"href":"https:\/\/www.metamap.com\/es\/wp-json\/wp\/v2\/pages"}],"about":[{"href":"https:\/\/www.metamap.com\/es\/wp-json\/wp\/v2\/types\/page"}],"author":[{"embeddable":true,"href":"https:\/\/www.metamap.com\/es\/wp-json\/wp\/v2\/users\/1"}],"replies":[{"embeddable":true,"href":"https:\/\/www.metamap.com\/es\/wp-json\/wp\/v2\/comments?post=11012"}],"version-history":[{"count":8,"href":"https:\/\/www.metamap.com\/es\/wp-json\/wp\/v2\/pages\/11012\/revisions"}],"predecessor-version":[{"id":11499,"href":"https:\/\/www.metamap.com\/es\/wp-json\/wp\/v2\/pages\/11012\/revisions\/11499"}],"wp:attachment":[{"href":"https:\/\/www.metamap.com\/es\/wp-json\/wp\/v2\/media?parent=11012"}],"curies":[{"name":"wp","href":"https:\/\/api.w.org\/{rel}","templated":true}]}}