{"id":10976,"date":"2024-01-03T18:44:15","date_gmt":"2024-01-03T18:44:15","guid":{"rendered":"https:\/\/betasite.metamap.com\/?page_id=10976"},"modified":"2024-01-26T19:58:20","modified_gmt":"2024-01-26T19:58:20","slug":"gracias-por-contactar-a-metamap","status":"publish","type":"page","link":"https:\/\/www.metamap.com\/es\/gracias-por-contactar-a-metamap\/","title":{"rendered":"Gracias por contactar a MetaMap"},"content":{"rendered":"\t\t<div data-elementor-type=\"wp-page\" data-elementor-id=\"10976\" class=\"elementor elementor-10976 elementor-10959\" data-elementor-post-type=\"page\">\n\t\t\t\t<div class=\"elementor-element elementor-element-a715975 e-flex e-con-boxed e-con e-parent\" data-id=\"a715975\" data-element_type=\"container\" data-e-type=\"container\" data-settings=\"{&quot;background_background&quot;:&quot;classic&quot;}\">\n\t\t\t\t\t<div class=\"e-con-inner\">\n\t\t\t\t<div class=\"elementor-element elementor-element-1a2ed07 elementor-widget elementor-widget-heading\" data-id=\"1a2ed07\" data-element_type=\"widget\" data-e-type=\"widget\" data-widget_type=\"heading.default\">\n\t\t\t\t<div class=\"elementor-widget-container\">\n\t\t\t\t\t<h1 class=\"elementor-heading-title elementor-size-default\">Gracias por <br \/> contactarnos<\/h1>\t\t\t\t<\/div>\n\t\t\t\t<\/div>\n\t\t\t\t<div class=\"elementor-element elementor-element-304f9be elementor-widget elementor-widget-text-editor\" data-id=\"304f9be\" data-element_type=\"widget\" data-e-type=\"widget\" data-widget_type=\"text-editor.default\">\n\t\t\t\t<div class=\"elementor-widget-container\">\n\t\t\t\t\t\t\t\t\t<p>Sus datos se han enviado exitosamente y uno de nuestros expertos lo contactar\u00e1 pronto.<\/p><p>Mientras tanto, le invitamos a aprender m\u00e1s sobre nuestra plataforma.<\/p>\t\t\t\t\t\t\t\t<\/div>\n\t\t\t\t<\/div>\n\t\t\t\t<div class=\"elementor-element elementor-element-b2f100b elementor-align-center elementor-widget elementor-widget-button\" data-id=\"b2f100b\" data-element_type=\"widget\" data-e-type=\"widget\" data-widget_type=\"button.default\">\n\t\t\t\t<div class=\"elementor-widget-container\">\n\t\t\t\t\t\t\t\t\t<div class=\"elementor-button-wrapper\">\n\t\t\t\t\t<a class=\"elementor-button elementor-button-link elementor-size-sm\" href=\"http:\/\/www.metamap.com\/es\" id=\"button_primary\">\n\t\t\t\t\t\t<span class=\"elementor-button-content-wrapper\">\n\t\t\t\t\t\t\t\t\t<span class=\"elementor-button-text\">CONOZCA M\u00c1S<\/span>\n\t\t\t\t\t<\/span>\n\t\t\t\t\t<\/a>\n\t\t\t\t<\/div>\n\t\t\t\t\t\t\t\t<\/div>\n\t\t\t\t<\/div>\n\t\t\t\t\t<\/div>\n\t\t\t\t<\/div>\n\t\t\t\t<\/div>\n\t\t","protected":false},"excerpt":{"rendered":"<p>Gracias por contactarnos Sus datos se han enviado exitosamente y uno de nuestros expertos lo contactar\u00e1 pronto. Mientras tanto, le invitamos a aprender m\u00e1s sobre nuestra plataforma. CONOZCA M\u00c1S<\/p>\n","protected":false},"author":1,"featured_media":0,"parent":0,"menu_order":0,"comment_status":"closed","ping_status":"closed","template":"","meta":{"footnotes":""},"class_list":["post-10976","page","type-page","status-publish","hentry"],"yoast_head":"\n<title>Gracias por contactar a MetaMap &#8226; MetaMap<\/title>\n<meta name=\"description\" content=\"\u00a1Gracias por depositar su confianza en MetaMap! Uno de nuestros expertos se pondr\u00e1 en contacto con usted en breve.\" \/>\n<meta name=\"robots\" content=\"index, follow, max-snippet:-1, max-image-preview:large, max-video-preview:-1\" \/>\n<link rel=\"canonical\" href=\"https:\/\/www.metamap.com\/es\/gracias-por-contactar-a-metamap\/\" \/>\n<meta property=\"og:locale\" content=\"es_ES\" \/>\n<meta property=\"og:type\" content=\"article\" \/>\n<meta property=\"og:title\" content=\"Gracias por contactar a MetaMap\" \/>\n<meta property=\"og:description\" content=\"\u00a1Gracias por depositar su confianza en MetaMap! Uno de nuestros expertos se pondr\u00e1 en contacto con usted en breve.\" \/>\n<meta property=\"og:url\" content=\"https:\/\/www.metamap.com\/es\/gracias-por-contactar-a-metamap\/\" \/>\n<meta property=\"og:site_name\" content=\"MetaMap\" \/>\n<meta property=\"article:publisher\" content=\"https:\/\/www.facebook.com\/getmetamap\/\" \/>\n<meta property=\"article:modified_time\" content=\"2024-01-26T19:58:20+00:00\" \/>\n<meta property=\"og:image\" content=\"https:\/\/www.metamap.com\/ychochat\/2023\/12\/kyc_single_platform_bb.png\" \/>\n\t<meta property=\"og:image:width\" content=\"1100\" \/>\n\t<meta property=\"og:image:height\" content=\"721\" \/>\n\t<meta property=\"og:image:type\" content=\"image\/png\" \/>\n<meta name=\"twitter:card\" content=\"summary_large_image\" \/>\n<meta name=\"twitter:site\" content=\"@getmetamap\" \/>\n<meta name=\"twitter:label1\" content=\"Tiempo de lectura\" \/>\n\t<meta name=\"twitter:data1\" content=\"1 minuto\" \/>\n<script type=\"application\/ld+json\" class=\"yoast-schema-graph\">{\"@context\":\"https:\\\/\\\/schema.org\",\"@graph\":[{\"@type\":\"WebPage\",\"@id\":\"https:\\\/\\\/www.metamap.com\\\/es\\\/gracias-por-contactar-a-metamap\\\/\",\"url\":\"https:\\\/\\\/www.metamap.com\\\/es\\\/gracias-por-contactar-a-metamap\\\/\",\"name\":\"Gracias por contactar a MetaMap &#8226; MetaMap\",\"isPartOf\":{\"@id\":\"https:\\\/\\\/www.metamap.com\\\/es\\\/#website\"},\"datePublished\":\"2024-01-03T18:44:15+00:00\",\"dateModified\":\"2024-01-26T19:58:20+00:00\",\"description\":\"\u00a1Gracias por depositar su confianza en MetaMap! Uno de nuestros expertos se pondr\u00e1 en contacto con usted en breve.\",\"breadcrumb\":{\"@id\":\"https:\\\/\\\/www.metamap.com\\\/es\\\/gracias-por-contactar-a-metamap\\\/#breadcrumb\"},\"inLanguage\":\"es\",\"potentialAction\":[{\"@type\":\"ReadAction\",\"target\":[\"https:\\\/\\\/www.metamap.com\\\/es\\\/gracias-por-contactar-a-metamap\\\/\"]}]},{\"@type\":\"BreadcrumbList\",\"@id\":\"https:\\\/\\\/www.metamap.com\\\/es\\\/gracias-por-contactar-a-metamap\\\/#breadcrumb\",\"itemListElement\":[{\"@type\":\"ListItem\",\"position\":1,\"name\":\"Home\",\"item\":\"https:\\\/\\\/www.metamap.com\\\/es\\\/\"},{\"@type\":\"ListItem\",\"position\":2,\"name\":\"Gracias por contactar a MetaMap\"}]},{\"@type\":\"WebSite\",\"@id\":\"https:\\\/\\\/www.metamap.com\\\/es\\\/#website\",\"url\":\"https:\\\/\\\/www.metamap.com\\\/es\\\/\",\"name\":\"MetaMap\",\"description\":\"Identity Verification Platform for Global Companies\",\"publisher\":{\"@id\":\"https:\\\/\\\/www.metamap.com\\\/es\\\/#organization\"},\"alternateName\":\"Metamap\",\"potentialAction\":[{\"@type\":\"SearchAction\",\"target\":{\"@type\":\"EntryPoint\",\"urlTemplate\":\"https:\\\/\\\/www.metamap.com\\\/es\\\/?s={search_term_string}\"},\"query-input\":{\"@type\":\"PropertyValueSpecification\",\"valueRequired\":true,\"valueName\":\"search_term_string\"}}],\"inLanguage\":\"es\"},{\"@type\":\"Organization\",\"@id\":\"https:\\\/\\\/www.metamap.com\\\/es\\\/#organization\",\"name\":\"Metamap\",\"url\":\"https:\\\/\\\/www.metamap.com\\\/es\\\/\",\"logo\":{\"@type\":\"ImageObject\",\"inLanguage\":\"es\",\"@id\":\"https:\\\/\\\/www.metamap.com\\\/es\\\/#\\\/schema\\\/logo\\\/image\\\/\",\"url\":\"https:\\\/\\\/www.metamap.com\\\/wp-content\\\/uploads\\\/2023\\\/12\\\/press_asset_logo-metamap.png\",\"contentUrl\":\"https:\\\/\\\/www.metamap.com\\\/wp-content\\\/uploads\\\/2023\\\/12\\\/press_asset_logo-metamap.png\",\"width\":404,\"height\":252,\"caption\":\"Metamap\"},\"image\":{\"@id\":\"https:\\\/\\\/www.metamap.com\\\/es\\\/#\\\/schema\\\/logo\\\/image\\\/\"},\"sameAs\":[\"https:\\\/\\\/www.facebook.com\\\/getmetamap\\\/\",\"https:\\\/\\\/x.com\\\/getmetamap\",\"https:\\\/\\\/www.instagram.com\\\/getmetamap\\\/\",\"https:\\\/\\\/www.linkedin.com\\\/company\\\/metmap\"]}]}<\/script>\n","yoast_head_json":{"title":"Gracias por contactar a MetaMap &#8226; MetaMap","description":"\u00a1Gracias por depositar su confianza en MetaMap! Uno de nuestros expertos se pondr\u00e1 en contacto con usted en breve.","robots":{"index":"index","follow":"follow","max-snippet":"max-snippet:-1","max-image-preview":"max-image-preview:large","max-video-preview":"max-video-preview:-1"},"canonical":"https:\/\/www.metamap.com\/es\/gracias-por-contactar-a-metamap\/","og_locale":"es_ES","og_type":"article","og_title":"Gracias por contactar a MetaMap","og_description":"\u00a1Gracias por depositar su confianza en MetaMap! Uno de nuestros expertos se pondr\u00e1 en contacto con usted en breve.","og_url":"https:\/\/www.metamap.com\/es\/gracias-por-contactar-a-metamap\/","og_site_name":"MetaMap","article_publisher":"https:\/\/www.facebook.com\/getmetamap\/","article_modified_time":"2024-01-26T19:58:20+00:00","og_image":[{"width":1100,"height":721,"url":"https:\/\/www.metamap.com\/ychochat\/2023\/12\/kyc_single_platform_bb.png","type":"image\/png"}],"twitter_card":"summary_large_image","twitter_site":"@getmetamap","twitter_misc":{"Tiempo de lectura":"1 minuto"},"schema":{"@context":"https:\/\/schema.org","@graph":[{"@type":"WebPage","@id":"https:\/\/www.metamap.com\/es\/gracias-por-contactar-a-metamap\/","url":"https:\/\/www.metamap.com\/es\/gracias-por-contactar-a-metamap\/","name":"Gracias por contactar a MetaMap &#8226; MetaMap","isPartOf":{"@id":"https:\/\/www.metamap.com\/es\/#website"},"datePublished":"2024-01-03T18:44:15+00:00","dateModified":"2024-01-26T19:58:20+00:00","description":"\u00a1Gracias por depositar su confianza en MetaMap! Uno de nuestros expertos se pondr\u00e1 en contacto con usted en breve.","breadcrumb":{"@id":"https:\/\/www.metamap.com\/es\/gracias-por-contactar-a-metamap\/#breadcrumb"},"inLanguage":"es","potentialAction":[{"@type":"ReadAction","target":["https:\/\/www.metamap.com\/es\/gracias-por-contactar-a-metamap\/"]}]},{"@type":"BreadcrumbList","@id":"https:\/\/www.metamap.com\/es\/gracias-por-contactar-a-metamap\/#breadcrumb","itemListElement":[{"@type":"ListItem","position":1,"name":"Home","item":"https:\/\/www.metamap.com\/es\/"},{"@type":"ListItem","position":2,"name":"Gracias por contactar a MetaMap"}]},{"@type":"WebSite","@id":"https:\/\/www.metamap.com\/es\/#website","url":"https:\/\/www.metamap.com\/es\/","name":"MetaMap","description":"Identity Verification Platform for Global Companies","publisher":{"@id":"https:\/\/www.metamap.com\/es\/#organization"},"alternateName":"Metamap","potentialAction":[{"@type":"SearchAction","target":{"@type":"EntryPoint","urlTemplate":"https:\/\/www.metamap.com\/es\/?s={search_term_string}"},"query-input":{"@type":"PropertyValueSpecification","valueRequired":true,"valueName":"search_term_string"}}],"inLanguage":"es"},{"@type":"Organization","@id":"https:\/\/www.metamap.com\/es\/#organization","name":"Metamap","url":"https:\/\/www.metamap.com\/es\/","logo":{"@type":"ImageObject","inLanguage":"es","@id":"https:\/\/www.metamap.com\/es\/#\/schema\/logo\/image\/","url":"https:\/\/www.metamap.com\/ychochat\/2023\/12\/press_asset_logo-metamap.png","contentUrl":"https:\/\/www.metamap.com\/ychochat\/2023\/12\/press_asset_logo-metamap.png","width":404,"height":252,"caption":"Metamap"},"image":{"@id":"https:\/\/www.metamap.com\/es\/#\/schema\/logo\/image\/"},"sameAs":["https:\/\/www.facebook.com\/getmetamap\/","https:\/\/x.com\/getmetamap","https:\/\/www.instagram.com\/getmetamap\/","https:\/\/www.linkedin.com\/company\/metmap"]}]}},"_links":{"self":[{"href":"https:\/\/www.metamap.com\/es\/wp-json\/wp\/v2\/pages\/10976","targetHints":{"allow":["GET"]}}],"collection":[{"href":"https:\/\/www.metamap.com\/es\/wp-json\/wp\/v2\/pages"}],"about":[{"href":"https:\/\/www.metamap.com\/es\/wp-json\/wp\/v2\/types\/page"}],"author":[{"embeddable":true,"href":"https:\/\/www.metamap.com\/es\/wp-json\/wp\/v2\/users\/1"}],"replies":[{"embeddable":true,"href":"https:\/\/www.metamap.com\/es\/wp-json\/wp\/v2\/comments?post=10976"}],"version-history":[{"count":29,"href":"https:\/\/www.metamap.com\/es\/wp-json\/wp\/v2\/pages\/10976\/revisions"}],"predecessor-version":[{"id":14764,"href":"https:\/\/www.metamap.com\/es\/wp-json\/wp\/v2\/pages\/10976\/revisions\/14764"}],"wp:attachment":[{"href":"https:\/\/www.metamap.com\/es\/wp-json\/wp\/v2\/media?parent=10976"}],"curies":[{"name":"wp","href":"https:\/\/api.w.org\/{rel}","templated":true}]}}